{"id":1040,"date":"2024-10-03T17:47:43","date_gmt":"2024-10-03T23:47:43","guid":{"rendered":"https:\/\/clinicasdeozono.com\/?page_id=1040"},"modified":"2025-04-08T22:45:02","modified_gmt":"2025-04-09T04:45:02","slug":"verrugasoctubre","status":"publish","type":"page","link":"https:\/\/clinicasdeozono.com\/?page_id=1040","title":{"rendered":"Elementor promooctubrev"},"content":{"rendered":"\t\t<div data-elementor-type=\"wp-page\" data-elementor-id=\"1040\" class=\"elementor elementor-1040\">\n\t\t\t\t\t\t<section class=\"elementor-section elementor-top-section elementor-element elementor-element-64c35c1 elementor-section-boxed elementor-section-height-default elementor-section-height-default\" data-id=\"64c35c1\" data-element_type=\"section\" data-e-type=\"section\">\n\t\t\t\t\t\t<div class=\"elementor-container elementor-column-gap-default\">\n\t\t\t\t\t<div class=\"elementor-column elementor-col-100 elementor-top-column elementor-element elementor-element-6f1757c\" data-id=\"6f1757c\" data-element_type=\"column\" data-e-type=\"column\">\n\t\t\t<div class=\"elementor-widget-wrap elementor-element-populated\">\n\t\t\t\t\t\t<div class=\"elementor-element elementor-element-9ffa015 elementor-widget elementor-widget-spacer\" data-id=\"9ffa015\" data-element_type=\"widget\" data-e-type=\"widget\" data-widget_type=\"spacer.default\">\n\t\t\t\t<div class=\"elementor-widget-container\">\n\t\t\t\t\t\t\t<div class=\"elementor-spacer\">\n\t\t\t<div class=\"elementor-spacer-inner\"><\/div>\n\t\t<\/div>\n\t\t\t\t\t\t<\/div>\n\t\t\t\t<\/div>\n\t\t\t\t\t<\/div>\n\t\t<\/div>\n\t\t\t\t\t<\/div>\n\t\t<\/section>\n\t\t\t\t<section class=\"elementor-section elementor-top-section elementor-element elementor-element-67564e6 elementor-section-boxed elementor-section-height-default elementor-section-height-default\" data-id=\"67564e6\" data-element_type=\"section\" data-e-type=\"section\">\n\t\t\t\t\t\t<div class=\"elementor-container elementor-column-gap-default\">\n\t\t\t\t\t<div class=\"elementor-column elementor-col-100 elementor-top-column elementor-element elementor-element-90e7b80\" data-id=\"90e7b80\" data-element_type=\"column\" data-e-type=\"column\">\n\t\t\t<div class=\"elementor-widget-wrap elementor-element-populated\">\n\t\t\t\t\t\t<div class=\"elementor-element elementor-element-753e1c0 elementor-widget elementor-widget-image\" data-id=\"753e1c0\" data-element_type=\"widget\" data-e-type=\"widget\" data-widget_type=\"image.default\">\n\t\t\t\t<div class=\"elementor-widget-container\">\n\t\t\t\t\t\t\t\t\t\t\t\t\t\t\t<img fetchpriority=\"high\" decoding=\"async\" width=\"576\" height=\"1024\" src=\"https:\/\/clinicasdeozono.com\/wp-content\/uploads\/2024\/10\/Canva-Design-4-576x1024.png\" class=\"attachment-large size-large wp-image-1046\" alt=\"\" srcset=\"https:\/\/clinicasdeozono.com\/wp-content\/uploads\/2024\/10\/Canva-Design-4-576x1024.png 576w, https:\/\/clinicasdeozono.com\/wp-content\/uploads\/2024\/10\/Canva-Design-4-600x1067.png 600w, https:\/\/clinicasdeozono.com\/wp-content\/uploads\/2024\/10\/Canva-Design-4-169x300.png 169w, https:\/\/clinicasdeozono.com\/wp-content\/uploads\/2024\/10\/Canva-Design-4-768x1365.png 768w, https:\/\/clinicasdeozono.com\/wp-content\/uploads\/2024\/10\/Canva-Design-4-864x1536.png 864w, https:\/\/clinicasdeozono.com\/wp-content\/uploads\/2024\/10\/Canva-Design-4.png 1080w\" sizes=\"(max-width: 576px) 100vw, 576px\" \/>\t\t\t\t\t\t\t\t\t\t\t\t\t\t\t<\/div>\n\t\t\t\t<\/div>\n\t\t\t\t\t<\/div>\n\t\t<\/div>\n\t\t\t\t\t<\/div>\n\t\t<\/section>\n\t\t\t\t<section class=\"elementor-section elementor-top-section elementor-element elementor-element-38f5390 elementor-section-boxed elementor-section-height-default elementor-section-height-default\" data-id=\"38f5390\" data-element_type=\"section\" data-e-type=\"section\">\n\t\t\t\t\t\t<div class=\"elementor-container elementor-column-gap-default\">\n\t\t\t\t\t<div class=\"elementor-column elementor-col-100 elementor-top-column elementor-element elementor-element-ded41bf\" data-id=\"ded41bf\" data-element_type=\"column\" data-e-type=\"column\">\n\t\t\t<div class=\"elementor-widget-wrap elementor-element-populated\">\n\t\t\t\t\t\t<div class=\"elementor-element elementor-element-c13a888 elementor-align-center elementor-widget elementor-widget-button\" data-id=\"c13a888\" data-element_type=\"widget\" data-e-type=\"widget\" data-widget_type=\"button.default\">\n\t\t\t\t<div class=\"elementor-widget-container\">\n\t\t\t\t\t\t\t\t\t<div class=\"elementor-button-wrapper\">\n\t\t\t\t\t<a class=\"elementor-button elementor-button-link elementor-size-sm\" href=\"https:\/\/wa.me\/525525634362\">\n\t\t\t\t\t\t<span class=\"elementor-button-content-wrapper\">\n\t\t\t\t\t\t<span class=\"elementor-button-icon\">\n\t\t\t\t<i aria-hidden=\"true\" class=\"fab fa-whatsapp\"><\/i>\t\t\t<\/span>\n\t\t\t\t\t\t\t\t\t<span class=\"elementor-button-text\">Agenda ahora<\/span>\n\t\t\t\t\t<\/span>\n\t\t\t\t\t<\/a>\n\t\t\t\t<\/div>\n\t\t\t\t\t\t\t\t<\/div>\n\t\t\t\t<\/div>\n\t\t\t\t\t<\/div>\n\t\t<\/div>\n\t\t\t\t\t<\/div>\n\t\t<\/section>\n\t\t\t\t<section class=\"elementor-section elementor-top-section elementor-element elementor-element-b6c6839 elementor-section-boxed elementor-section-height-default elementor-section-height-default\" data-id=\"b6c6839\" data-element_type=\"section\" data-e-type=\"section\">\n\t\t\t\t\t\t<div class=\"elementor-container elementor-column-gap-default\">\n\t\t\t\t\t<div class=\"elementor-column elementor-col-100 elementor-top-column elementor-element elementor-element-00a20ee\" data-id=\"00a20ee\" data-element_type=\"column\" data-e-type=\"column\">\n\t\t\t<div class=\"elementor-widget-wrap elementor-element-populated\">\n\t\t\t\t\t\t<div class=\"elementor-element elementor-element-6bba1ab elementor-widget elementor-widget-text-editor\" data-id=\"6bba1ab\" data-element_type=\"widget\" data-e-type=\"widget\" data-widget_type=\"text-editor.default\">\n\t\t\t\t<div class=\"elementor-widget-container\">\n\t\t\t\t\t\t\t\t\t<p>Todos los tratamientos incluyen revisi\u00f3n dermatol\u00f3gica de las lesiones.<\/p>\n<p>La eliminaci\u00f3n se realiza<strong> en una sola sesi\u00f3n<\/strong> mediante electrocuagulaci\u00f3n dermatol\u00f3gica.<\/p>\n<p>El precio incluye hasta 50 lesiones.<\/p>\n<p>V\u00e1lido del 1&nbsp; al 30 de Abril de 2025<\/p>\n<p>Todas las valoraciones posteriores generan honorarios.<\/p>\n<p>V\u00e1lido para una sola sesi\u00f3n, sesiones posteriores a la promoci\u00f3n tendr\u00e1n el costo normal ($1500).<\/p>\t\t\t\t\t\t\t\t<\/div>\n\t\t\t\t<\/div>\n\t\t\t\t\t<\/div>\n\t\t<\/div>\n\t\t\t\t\t<\/div>\n\t\t<\/section>\n\t\t\t\t<\/div>\n\t\t","protected":false},"excerpt":{"rendered":"<p>Agenda ahora Todos los tratamientos incluyen revisi\u00f3n dermatol\u00f3gica de las lesiones. La eliminaci\u00f3n se realiza en una sola sesi\u00f3n mediante electrocuagulaci\u00f3n dermatol\u00f3gica. El precio incluye hasta 50 lesiones. V\u00e1lido del 1&nbsp; al 30 de Abril de 2025 Todas las valoraciones posteriores generan honorarios. V\u00e1lido para una sola sesi\u00f3n, sesiones posteriores [&hellip;]<\/p>\n","protected":false},"author":1,"featured_media":0,"parent":0,"menu_order":0,"comment_status":"closed","ping_status":"closed","template":"page-templates\/template-pagebuilder-full-width.php","meta":{"om_disable_all_campaigns":false,"_monsterinsights_skip_tracking":false,"_monsterinsights_sitenote_active":false,"_monsterinsights_sitenote_note":"","_monsterinsights_sitenote_category":0,"footnotes":""},"class_list":["post-1040","page","type-page","status-publish","hentry"],"aioseo_notices":[],"_links":{"self":[{"href":"https:\/\/clinicasdeozono.com\/index.php?rest_route=\/wp\/v2\/pages\/1040","targetHints":{"allow":["GET"]}}],"collection":[{"href":"https:\/\/clinicasdeozono.com\/index.php?rest_route=\/wp\/v2\/pages"}],"about":[{"href":"https:\/\/clinicasdeozono.com\/index.php?rest_route=\/wp\/v2\/types\/page"}],"author":[{"embeddable":true,"href":"https:\/\/clinicasdeozono.com\/index.php?rest_route=\/wp\/v2\/users\/1"}],"replies":[{"embeddable":true,"href":"https:\/\/clinicasdeozono.com\/index.php?rest_route=%2Fwp%2Fv2%2Fcomments&post=1040"}],"version-history":[{"count":15,"href":"https:\/\/clinicasdeozono.com\/index.php?rest_route=\/wp\/v2\/pages\/1040\/revisions"}],"predecessor-version":[{"id":1153,"href":"https:\/\/clinicasdeozono.com\/index.php?rest_route=\/wp\/v2\/pages\/1040\/revisions\/1153"}],"wp:attachment":[{"href":"https:\/\/clinicasdeozono.com\/index.php?rest_route=%2Fwp%2Fv2%2Fmedia&parent=1040"}],"curies":[{"name":"wp","href":"https:\/\/api.w.org\/{rel}","templated":true}]}}