{"id":1063,"date":"2024-10-03T18:09:51","date_gmt":"2024-10-04T00:09:51","guid":{"rendered":"https:\/\/clinicasdeozono.com\/?page_id=1063"},"modified":"2024-10-03T18:20:51","modified_gmt":"2024-10-04T00:20:51","slug":"dermapen-octubre","status":"publish","type":"page","link":"https:\/\/clinicasdeozono.com\/?page_id=1063","title":{"rendered":"Dermapen Octubre"},"content":{"rendered":"\t\t<div data-elementor-type=\"wp-page\" data-elementor-id=\"1063\" class=\"elementor elementor-1063\">\n\t\t\t\t\t\t<section class=\"elementor-section elementor-top-section elementor-element elementor-element-065b314 elementor-section-boxed elementor-section-height-default elementor-section-height-default\" data-id=\"065b314\" data-element_type=\"section\" data-e-type=\"section\">\n\t\t\t\t\t\t<div class=\"elementor-container elementor-column-gap-default\">\n\t\t\t\t\t<div class=\"elementor-column elementor-col-100 elementor-top-column elementor-element elementor-element-8c905d6\" data-id=\"8c905d6\" data-element_type=\"column\" data-e-type=\"column\">\n\t\t\t<div class=\"elementor-widget-wrap elementor-element-populated\">\n\t\t\t\t\t\t<div class=\"elementor-element elementor-element-706475b elementor-widget elementor-widget-spacer\" data-id=\"706475b\" data-element_type=\"widget\" data-e-type=\"widget\" data-widget_type=\"spacer.default\">\n\t\t\t\t<div class=\"elementor-widget-container\">\n\t\t\t\t\t\t\t<div class=\"elementor-spacer\">\n\t\t\t<div class=\"elementor-spacer-inner\"><\/div>\n\t\t<\/div>\n\t\t\t\t\t\t<\/div>\n\t\t\t\t<\/div>\n\t\t\t\t<div class=\"elementor-element elementor-element-c36998e elementor-widget elementor-widget-image\" data-id=\"c36998e\" data-element_type=\"widget\" data-e-type=\"widget\" data-widget_type=\"image.default\">\n\t\t\t\t<div class=\"elementor-widget-container\">\n\t\t\t\t\t\t\t\t\t\t\t\t\t\t\t<img fetchpriority=\"high\" decoding=\"async\" width=\"750\" height=\"954\" src=\"https:\/\/clinicasdeozono.com\/wp-content\/uploads\/2024\/10\/Canva-Design-1-805x1024.png\" class=\"attachment-large size-large wp-image-1008\" alt=\"\" srcset=\"https:\/\/clinicasdeozono.com\/wp-content\/uploads\/2024\/10\/Canva-Design-1-805x1024.png 805w, https:\/\/clinicasdeozono.com\/wp-content\/uploads\/2024\/10\/Canva-Design-1-600x763.png 600w, https:\/\/clinicasdeozono.com\/wp-content\/uploads\/2024\/10\/Canva-Design-1-236x300.png 236w, https:\/\/clinicasdeozono.com\/wp-content\/uploads\/2024\/10\/Canva-Design-1-768x977.png 768w, https:\/\/clinicasdeozono.com\/wp-content\/uploads\/2024\/10\/Canva-Design-1-1207x1536.png 1207w, https:\/\/clinicasdeozono.com\/wp-content\/uploads\/2024\/10\/Canva-Design-1.png 1572w\" sizes=\"(max-width: 750px) 100vw, 750px\" \/>\t\t\t\t\t\t\t\t\t\t\t\t\t\t\t<\/div>\n\t\t\t\t<\/div>\n\t\t\t\t\t<\/div>\n\t\t<\/div>\n\t\t\t\t\t<\/div>\n\t\t<\/section>\n\t\t\t\t<section class=\"elementor-section elementor-top-section elementor-element elementor-element-a50934c elementor-section-boxed elementor-section-height-default elementor-section-height-default\" data-id=\"a50934c\" data-element_type=\"section\" data-e-type=\"section\">\n\t\t\t\t\t\t<div class=\"elementor-container elementor-column-gap-default\">\n\t\t\t\t\t<div class=\"elementor-column elementor-col-100 elementor-top-column elementor-element elementor-element-74bab0c\" data-id=\"74bab0c\" data-element_type=\"column\" data-e-type=\"column\">\n\t\t\t<div class=\"elementor-widget-wrap elementor-element-populated\">\n\t\t\t\t\t\t<div class=\"elementor-element elementor-element-e65b2ec elementor-button-success elementor-align-center elementor-widget elementor-widget-button\" data-id=\"e65b2ec\" data-element_type=\"widget\" data-e-type=\"widget\" data-widget_type=\"button.default\">\n\t\t\t\t<div class=\"elementor-widget-container\">\n\t\t\t\t\t\t\t\t\t<div class=\"elementor-button-wrapper\">\n\t\t\t\t\t<a class=\"elementor-button elementor-button-link elementor-size-sm\" href=\"https:\/\/wa.me\/525525634362\">\n\t\t\t\t\t\t<span class=\"elementor-button-content-wrapper\">\n\t\t\t\t\t\t<span class=\"elementor-button-icon\">\n\t\t\t\t<i aria-hidden=\"true\" class=\"fab fa-whatsapp\"><\/i>\t\t\t<\/span>\n\t\t\t\t\t\t\t\t\t<span class=\"elementor-button-text\">Agendar cita<\/span>\n\t\t\t\t\t<\/span>\n\t\t\t\t\t<\/a>\n\t\t\t\t<\/div>\n\t\t\t\t\t\t\t\t<\/div>\n\t\t\t\t<\/div>\n\t\t\t\t\t<\/div>\n\t\t<\/div>\n\t\t\t\t\t<\/div>\n\t\t<\/section>\n\t\t\t\t<section class=\"elementor-section elementor-top-section elementor-element elementor-element-d6374e6 elementor-section-boxed elementor-section-height-default elementor-section-height-default\" data-id=\"d6374e6\" data-element_type=\"section\" data-e-type=\"section\">\n\t\t\t\t\t\t<div class=\"elementor-container elementor-column-gap-default\">\n\t\t\t\t\t<div class=\"elementor-column elementor-col-100 elementor-top-column elementor-element elementor-element-c8dc9a5\" data-id=\"c8dc9a5\" data-element_type=\"column\" data-e-type=\"column\">\n\t\t\t<div class=\"elementor-widget-wrap elementor-element-populated\">\n\t\t\t\t\t\t<div class=\"elementor-element elementor-element-28b2e58 elementor-widget elementor-widget-text-editor\" data-id=\"28b2e58\" data-element_type=\"widget\" data-e-type=\"widget\" data-widget_type=\"text-editor.default\">\n\t\t\t\t<div class=\"elementor-widget-container\">\n\t\t\t\t\t\t\t\t\t<p>Indicado para pacientes con cloasma (pa\u00f1o), manchas, cicatrices de acn\u00e9 y aquellas que deseen un rejuvenecimiento de la piel del rostro en general.<\/p><p>Todos los tratamientos incluyen revisi\u00f3n dermatol\u00f3gica previa.<\/p>\n<p>Los pacientes no pueden presentar infecciones o lesiones de acn\u00e9 activas.<\/p>\n<p>V\u00e1lido del 1 de octubre de 2024 al 31 de Octubre de 2024<\/p>\n<p>Todas las valoraciones posteriores generan honorarios.<\/p>\n<p>V\u00e1lido para una sola sesi\u00f3n, sesiones posteriores a la promoci\u00f3n tendr\u00e1n el costo normal ($1600).<\/p>\t\t\t\t\t\t\t\t<\/div>\n\t\t\t\t<\/div>\n\t\t\t\t\t<\/div>\n\t\t<\/div>\n\t\t\t\t\t<\/div>\n\t\t<\/section>\n\t\t\t\t<\/div>\n\t\t","protected":false},"excerpt":{"rendered":"<p>Agendar cita Indicado para pacientes con cloasma (pa\u00f1o), manchas, cicatrices de acn\u00e9 y aquellas que deseen un rejuvenecimiento de la piel del rostro en general. Todos los tratamientos incluyen revisi\u00f3n dermatol\u00f3gica previa. Los pacientes no pueden presentar infecciones o lesiones de acn\u00e9 activas. V\u00e1lido del 1 de octubre de 2024 [&hellip;]<\/p>\n","protected":false},"author":1,"featured_media":0,"parent":0,"menu_order":0,"comment_status":"closed","ping_status":"closed","template":"page-templates\/template-pagebuilder-full-width.php","meta":{"om_disable_all_campaigns":false,"_monsterinsights_skip_tracking":false,"_monsterinsights_sitenote_active":false,"_monsterinsights_sitenote_note":"","_monsterinsights_sitenote_category":0,"footnotes":""},"class_list":["post-1063","page","type-page","status-publish","hentry"],"aioseo_notices":[],"_links":{"self":[{"href":"https:\/\/clinicasdeozono.com\/index.php?rest_route=\/wp\/v2\/pages\/1063","targetHints":{"allow":["GET"]}}],"collection":[{"href":"https:\/\/clinicasdeozono.com\/index.php?rest_route=\/wp\/v2\/pages"}],"about":[{"href":"https:\/\/clinicasdeozono.com\/index.php?rest_route=\/wp\/v2\/types\/page"}],"author":[{"embeddable":true,"href":"https:\/\/clinicasdeozono.com\/index.php?rest_route=\/wp\/v2\/users\/1"}],"replies":[{"embeddable":true,"href":"https:\/\/clinicasdeozono.com\/index.php?rest_route=%2Fwp%2Fv2%2Fcomments&post=1063"}],"version-history":[{"count":5,"href":"https:\/\/clinicasdeozono.com\/index.php?rest_route=\/wp\/v2\/pages\/1063\/revisions"}],"predecessor-version":[{"id":1069,"href":"https:\/\/clinicasdeozono.com\/index.php?rest_route=\/wp\/v2\/pages\/1063\/revisions\/1069"}],"wp:attachment":[{"href":"https:\/\/clinicasdeozono.com\/index.php?rest_route=%2Fwp%2Fv2%2Fmedia&parent=1063"}],"curies":[{"name":"wp","href":"https:\/\/api.w.org\/{rel}","templated":true}]}}