{"id":1168,"date":"2025-04-09T01:12:08","date_gmt":"2025-04-09T07:12:08","guid":{"rendered":"https:\/\/clinicasdeozono.com\/?page_id=1168"},"modified":"2025-04-09T01:29:37","modified_gmt":"2025-04-09T07:29:37","slug":"eliminacion-de-papilomas-verrugas","status":"publish","type":"page","link":"https:\/\/clinicasdeozono.com\/?page_id=1168","title":{"rendered":"Eliminaci\u00f3n de papilomas (verrugas)"},"content":{"rendered":"\t\t<div data-elementor-type=\"wp-page\" data-elementor-id=\"1168\" class=\"elementor elementor-1168\">\n\t\t\t\t\t\t<section class=\"elementor-section elementor-top-section elementor-element elementor-element-61c3ec1 elementor-section-boxed elementor-section-height-default elementor-section-height-default\" data-id=\"61c3ec1\" data-element_type=\"section\" data-e-type=\"section\">\n\t\t\t\t\t\t<div class=\"elementor-container elementor-column-gap-default\">\n\t\t\t\t\t<div class=\"elementor-column elementor-col-33 elementor-top-column elementor-element elementor-element-f0ff5ec\" data-id=\"f0ff5ec\" data-element_type=\"column\" data-e-type=\"column\">\n\t\t\t<div class=\"elementor-widget-wrap elementor-element-populated\">\n\t\t\t\t\t\t<div class=\"elementor-element elementor-element-380a183 elementor-widget elementor-widget-video\" data-id=\"380a183\" data-element_type=\"widget\" data-e-type=\"widget\" data-settings=\"{&quot;youtube_url&quot;:&quot;https:\\\/\\\/www.youtube.com\\\/shorts\\\/55g_dV0ImbM&quot;,&quot;video_type&quot;:&quot;youtube&quot;,&quot;controls&quot;:&quot;yes&quot;}\" data-widget_type=\"video.default\">\n\t\t\t\t<div class=\"elementor-widget-container\">\n\t\t\t\t\t\t\t<div class=\"elementor-wrapper elementor-open-inline\">\n\t\t\t<div class=\"elementor-video\"><\/div>\t\t<\/div>\n\t\t\t\t\t\t<\/div>\n\t\t\t\t<\/div>\n\t\t\t\t\t<\/div>\n\t\t<\/div>\n\t\t\t\t<div class=\"elementor-column elementor-col-66 elementor-top-column elementor-element elementor-element-077e67b\" data-id=\"077e67b\" data-element_type=\"column\" data-e-type=\"column\">\n\t\t\t<div class=\"elementor-widget-wrap elementor-element-populated\">\n\t\t\t\t\t\t<div class=\"elementor-element elementor-element-e385682 elementor-widget elementor-widget-heading\" data-id=\"e385682\" data-element_type=\"widget\" data-e-type=\"widget\" data-widget_type=\"heading.default\">\n\t\t\t\t<div class=\"elementor-widget-container\">\n\t\t\t\t\t<h2 class=\"elementor-heading-title elementor-size-default\">Eliminaci\u00f3n de verrugas (papilomas)<\/h2>\t\t\t\t<\/div>\n\t\t\t\t<\/div>\n\t\t\t\t<div class=\"elementor-element elementor-element-e69ae9c elementor-widget elementor-widget-spacer\" data-id=\"e69ae9c\" data-element_type=\"widget\" data-e-type=\"widget\" data-widget_type=\"spacer.default\">\n\t\t\t\t<div class=\"elementor-widget-container\">\n\t\t\t\t\t\t\t<div class=\"elementor-spacer\">\n\t\t\t<div class=\"elementor-spacer-inner\"><\/div>\n\t\t<\/div>\n\t\t\t\t\t\t<\/div>\n\t\t\t\t<\/div>\n\t\t\t\t<div class=\"elementor-element elementor-element-56e63eb elementor-widget elementor-widget-text-editor\" data-id=\"56e63eb\" data-element_type=\"widget\" data-e-type=\"widget\" data-widget_type=\"text-editor.default\">\n\t\t\t\t<div class=\"elementor-widget-container\">\n\t\t\t\t\t\t\t\t\t<div class=\"WaaZC\"><p><\/p><div class=\"RJPOee EIJn2\"><div class=\"rPeykc uP58nb\" data-hveid=\"CAUQAQ\" data-ved=\"2ahUKEwjO3p2-ssqMAxUn5MkDHQZbL8cQo_EKegQIBRAB\"><span data-huuid=\"8751484629287106808\"><span aria-level=\"2\" role=\"heading\">Procedimiento<\/span><span jscontroller=\"JHnpme\" class=\"pjBG2e\" data-cid=\"74a0bdf0-1973-472c-8927-d3e22f84921c\" jsaction=\"rcuQ6b:npT2md\"><span class=\"UV3uM\">\u00a0<\/span><\/span><\/span><\/div><\/div><\/div><div class=\"WaaZC\"><div class=\"RJPOee EIJn2\"><ul jscontroller=\"M2ABbc\" jsaction=\"jZtoLb:SaHfyb\" data-hveid=\"CBAQAQ\" data-ved=\"2ahUKEwjO3p2-ssqMAxUn5MkDHQZbL8cQm_YKegQIEBAB\"><li><span data-huuid=\"8751484629287107315\">Se aplica anestesia local<\/span><\/li><li><span data-huuid=\"8751484629287107653\">Se utiliza un bistur\u00ed el\u00e9ctrico que emite un l\u00e1ser para cortar los tejidos<\/span><\/li><li><span data-huuid=\"8751484629287107991\">Se elimina la lesi\u00f3n capa a capa<\/span><\/li><\/ul><\/div><\/div>\t\t\t\t\t\t\t\t<\/div>\n\t\t\t\t<\/div>\n\t\t\t\t\t<\/div>\n\t\t<\/div>\n\t\t\t\t\t<\/div>\n\t\t<\/section>\n\t\t\t\t<section class=\"elementor-section elementor-top-section elementor-element elementor-element-2f63566 elementor-section-boxed elementor-section-height-default elementor-section-height-default\" data-id=\"2f63566\" data-element_type=\"section\" data-e-type=\"section\">\n\t\t\t\t\t\t<div class=\"elementor-container elementor-column-gap-default\">\n\t\t\t\t\t<div class=\"elementor-column elementor-col-100 elementor-top-column elementor-element elementor-element-24773da\" data-id=\"24773da\" data-element_type=\"column\" data-e-type=\"column\">\n\t\t\t<div class=\"elementor-widget-wrap elementor-element-populated\">\n\t\t\t\t\t\t<div class=\"elementor-element elementor-element-aef9f36 elementor-widget elementor-widget-text-editor\" data-id=\"aef9f36\" data-element_type=\"widget\" data-e-type=\"widget\" data-widget_type=\"text-editor.default\">\n\t\t\t\t<div class=\"elementor-widget-container\">\n\t\t\t\t\t\t\t\t\t<div class=\"WaaZC\"><div class=\"RJPOee EIJn2\"><div class=\"rPeykc uP58nb\" data-hveid=\"CCEQAQ\" data-ved=\"2ahUKEwi2op3_ssqMAxVPMdAFHTU0BdEQo_EKegQIIRAB\"><p><span data-huuid=\"17072935966902596491\"><span aria-level=\"2\" role=\"heading\">Lesiones que se eliminan con este m\u00e9todo:<\/span><\/span><\/p><div class=\"NPrrbc\" data-cid=\"160a0d1b-30d7-40e1-b8b8-8d880705cc18\" data-uuids=\"17072935966902596491,17072935966902599656,17072935966902597670,17072935966902595684,17072935966902597794,17072935966902595808,17072935966902597918,17072935966902595932,17072935966902598042,17072935966902596056,17072935966902598166\"><div jsname=\"HtgYJd\" class=\"BMebGe btku5b fCrZyc LwdV0e FR7ZSc OJeuxf\" aria-label=\"Ver v\u00ednculos relacionados\" role=\"button\" jsaction=\"KjsqPd\" data-hveid=\"CB8QAQ\" data-ved=\"2ahUKEwi2op3_ssqMAxVPMdAFHTU0BdEQ3fYKegQIHxAB\" tabindex=\"0\"><div class=\"niO4u\"><div class=\"kHtcsd\"><\/div><\/div><\/div><\/div><\/div><\/div><\/div><div class=\"WaaZC\"><div class=\"RJPOee EIJn2\"><ul jscontroller=\"M2ABbc\" jsaction=\"jZtoLb:SaHfyb\" data-hveid=\"CB4QAQ\" data-ved=\"2ahUKEwi2op3_ssqMAxVPMdAFHTU0BdEQm_YKegQIHhAB\"><li><span data-huuid=\"17072935966902599656\">Verrugas filiformes (acrocordones)<\/span><\/li><li><span data-huuid=\"17072935966902597670\">Verrugas planas<\/span><\/li><li><span data-huuid=\"17072935966902595684\">Angiomas<\/span><\/li><li><span data-huuid=\"17072935966902597794\">Puntos rub\u00ed<\/span><\/li><li><span data-huuid=\"17072935966902595808\">Ara\u00f1as vasculares (telangiectasias)<\/span><\/li><li><span data-huuid=\"17072935966902597918\">Condilomas<\/span><\/li><li><span data-huuid=\"17072935966902595932\">Molluscum contagiosum<\/span><\/li><li><span data-huuid=\"17072935966902598042\">Hiperqueratosis<\/span><\/li><li><span data-huuid=\"17072935966902596056\">Milium<\/span><\/li><li><span data-huuid=\"17072935966902598166\">Lunares no cancerosos<\/span><\/li><\/ul><\/div><\/div>\t\t\t\t\t\t\t\t<\/div>\n\t\t\t\t<\/div>\n\t\t\t\t\t<\/div>\n\t\t<\/div>\n\t\t\t\t\t<\/div>\n\t\t<\/section>\n\t\t\t\t<section class=\"elementor-section elementor-top-section elementor-element elementor-element-60a14e2 elementor-section-boxed elementor-section-height-default elementor-section-height-default\" data-id=\"60a14e2\" data-element_type=\"section\" data-e-type=\"section\">\n\t\t\t\t\t\t<div class=\"elementor-container elementor-column-gap-default\">\n\t\t\t\t\t<div class=\"elementor-column elementor-col-100 elementor-top-column elementor-element elementor-element-0bfd949\" data-id=\"0bfd949\" data-element_type=\"column\" data-e-type=\"column\">\n\t\t\t<div class=\"elementor-widget-wrap elementor-element-populated\">\n\t\t\t\t\t\t<div class=\"elementor-element elementor-element-4a7b53f elementor-align-center elementor-widget elementor-widget-button\" data-id=\"4a7b53f\" data-element_type=\"widget\" data-e-type=\"widget\" data-widget_type=\"button.default\">\n\t\t\t\t<div class=\"elementor-widget-container\">\n\t\t\t\t\t\t\t\t\t<div class=\"elementor-button-wrapper\">\n\t\t\t\t\t<a class=\"elementor-button elementor-button-link elementor-size-sm\" href=\"https:\/\/wa.me\/525525634362?text=Deseo%20m\u00e1s%20informaci\u00f3n%20sobre%20eliminaci\u00f3n%20de%20verrugas.\">\n\t\t\t\t\t\t<span class=\"elementor-button-content-wrapper\">\n\t\t\t\t\t\t\t\t\t<span class=\"elementor-button-text\">M\u00e1s info<\/span>\n\t\t\t\t\t<\/span>\n\t\t\t\t\t<\/a>\n\t\t\t\t<\/div>\n\t\t\t\t\t\t\t\t<\/div>\n\t\t\t\t<\/div>\n\t\t\t\t\t<\/div>\n\t\t<\/div>\n\t\t\t\t\t<\/div>\n\t\t<\/section>\n\t\t\t\t<\/div>\n\t\t","protected":false},"excerpt":{"rendered":"<p>Eliminaci\u00f3n de verrugas (papilomas) Procedimiento\u00a0 Se aplica anestesia local Se utiliza un bistur\u00ed el\u00e9ctrico que emite un l\u00e1ser para cortar los tejidos Se elimina la lesi\u00f3n capa a capa Lesiones que se eliminan con este m\u00e9todo: Verrugas filiformes (acrocordones) Verrugas planas Angiomas Puntos rub\u00ed Ara\u00f1as vasculares (telangiectasias) Condilomas Molluscum contagiosum [&hellip;]<\/p>\n","protected":false},"author":1,"featured_media":0,"parent":0,"menu_order":0,"comment_status":"closed","ping_status":"closed","template":"page-templates\/template-pagebuilder-full-width.php","meta":{"om_disable_all_campaigns":false,"_monsterinsights_skip_tracking":false,"_monsterinsights_sitenote_active":false,"_monsterinsights_sitenote_note":"","_monsterinsights_sitenote_category":0,"footnotes":""},"class_list":["post-1168","page","type-page","status-publish","hentry"],"aioseo_notices":[],"_links":{"self":[{"href":"https:\/\/clinicasdeozono.com\/index.php?rest_route=\/wp\/v2\/pages\/1168","targetHints":{"allow":["GET"]}}],"collection":[{"href":"https:\/\/clinicasdeozono.com\/index.php?rest_route=\/wp\/v2\/pages"}],"about":[{"href":"https:\/\/clinicasdeozono.com\/index.php?rest_route=\/wp\/v2\/types\/page"}],"author":[{"embeddable":true,"href":"https:\/\/clinicasdeozono.com\/index.php?rest_route=\/wp\/v2\/users\/1"}],"replies":[{"embeddable":true,"href":"https:\/\/clinicasdeozono.com\/index.php?rest_route=%2Fwp%2Fv2%2Fcomments&post=1168"}],"version-history":[{"count":16,"href":"https:\/\/clinicasdeozono.com\/index.php?rest_route=\/wp\/v2\/pages\/1168\/revisions"}],"predecessor-version":[{"id":1188,"href":"https:\/\/clinicasdeozono.com\/index.php?rest_route=\/wp\/v2\/pages\/1168\/revisions\/1188"}],"wp:attachment":[{"href":"https:\/\/clinicasdeozono.com\/index.php?rest_route=%2Fwp%2Fv2%2Fmedia&parent=1168"}],"curies":[{"name":"wp","href":"https:\/\/api.w.org\/{rel}","templated":true}]}}