{"id":1206,"date":"2025-04-09T01:57:52","date_gmt":"2025-04-09T07:57:52","guid":{"rendered":"https:\/\/clinicasdeozono.com\/?page_id=1206"},"modified":"2025-04-09T02:16:07","modified_gmt":"2025-04-09T08:16:07","slug":"bo","status":"publish","type":"page","link":"https:\/\/clinicasdeozono.com\/?page_id=1206","title":{"rendered":"Bo"},"content":{"rendered":"\t\t<div data-elementor-type=\"wp-page\" data-elementor-id=\"1206\" class=\"elementor elementor-1206\">\n\t\t\t\t\t\t<section class=\"elementor-section elementor-top-section elementor-element elementor-element-07ead84 elementor-section-boxed elementor-section-height-default elementor-section-height-default\" data-id=\"07ead84\" data-element_type=\"section\" data-e-type=\"section\">\n\t\t\t\t\t\t<div class=\"elementor-container elementor-column-gap-default\">\n\t\t\t\t\t<div class=\"elementor-column elementor-col-33 elementor-top-column elementor-element elementor-element-1831fc9\" data-id=\"1831fc9\" data-element_type=\"column\" data-e-type=\"column\">\n\t\t\t<div class=\"elementor-widget-wrap elementor-element-populated\">\n\t\t\t\t\t\t<div class=\"elementor-element elementor-element-e002ade elementor-invisible elementor-widget elementor-widget-heading\" data-id=\"e002ade\" data-element_type=\"widget\" data-e-type=\"widget\" data-settings=\"{&quot;_animation&quot;:&quot;fadeIn&quot;}\" data-widget_type=\"heading.default\">\n\t\t\t\t<div class=\"elementor-widget-container\">\n\t\t\t\t\t<h2 class=\"elementor-heading-title elementor-size-default\">Botox o toxina botul\u00ednica<\/h2>\t\t\t\t<\/div>\n\t\t\t\t<\/div>\n\t\t\t\t<div class=\"elementor-element elementor-element-fc3a9c2 elementor-widget elementor-widget-text-editor\" data-id=\"fc3a9c2\" data-element_type=\"widget\" data-e-type=\"widget\" data-widget_type=\"text-editor.default\">\n\t\t\t\t<div class=\"elementor-widget-container\">\n\t\t\t\t\t\t\t\t\t<p><span>es una neurotoxina que se utiliza para suavizar arrugas y l\u00edneas de expresi\u00f3n al bloquear temporalmente la actividad muscular<\/span><\/p>\t\t\t\t\t\t\t\t<\/div>\n\t\t\t\t<\/div>\n\t\t\t\t\t<\/div>\n\t\t<\/div>\n\t\t\t\t<div class=\"elementor-column elementor-col-66 elementor-top-column elementor-element elementor-element-a1e509c\" data-id=\"a1e509c\" data-element_type=\"column\" data-e-type=\"column\">\n\t\t\t<div class=\"elementor-widget-wrap elementor-element-populated\">\n\t\t\t\t\t\t<div class=\"elementor-element elementor-element-8a92e72 elementor-widget elementor-widget-image\" data-id=\"8a92e72\" data-element_type=\"widget\" data-e-type=\"widget\" data-widget_type=\"image.default\">\n\t\t\t\t<div class=\"elementor-widget-container\">\n\t\t\t\t\t\t\t\t\t\t\t\t\t\t\t<img fetchpriority=\"high\" decoding=\"async\" width=\"750\" height=\"500\" src=\"https:\/\/clinicasdeozono.com\/wp-content\/uploads\/2025\/04\/Untitled-design-1024x683.png\" class=\"attachment-large size-large wp-image-1211\" alt=\"\" srcset=\"https:\/\/clinicasdeozono.com\/wp-content\/uploads\/2025\/04\/Untitled-design-1024x683.png 1024w, https:\/\/clinicasdeozono.com\/wp-content\/uploads\/2025\/04\/Untitled-design-300x200.png 300w, https:\/\/clinicasdeozono.com\/wp-content\/uploads\/2025\/04\/Untitled-design-768x512.png 768w, https:\/\/clinicasdeozono.com\/wp-content\/uploads\/2025\/04\/Untitled-design-1536x1024.png 1536w, https:\/\/clinicasdeozono.com\/wp-content\/uploads\/2025\/04\/Untitled-design-360x240.png 360w, https:\/\/clinicasdeozono.com\/wp-content\/uploads\/2025\/04\/Untitled-design-600x400.png 600w, https:\/\/clinicasdeozono.com\/wp-content\/uploads\/2025\/04\/Untitled-design.png 1800w\" sizes=\"(max-width: 750px) 100vw, 750px\" \/>\t\t\t\t\t\t\t\t\t\t\t\t\t\t\t<\/div>\n\t\t\t\t<\/div>\n\t\t\t\t\t<\/div>\n\t\t<\/div>\n\t\t\t\t\t<\/div>\n\t\t<\/section>\n\t\t\t\t<section class=\"elementor-section elementor-top-section elementor-element elementor-element-9ae8751 elementor-section-boxed elementor-section-height-default elementor-section-height-default\" data-id=\"9ae8751\" data-element_type=\"section\" data-e-type=\"section\">\n\t\t\t\t\t\t<div class=\"elementor-container elementor-column-gap-default\">\n\t\t\t\t\t<div class=\"elementor-column elementor-col-100 elementor-top-column elementor-element elementor-element-2e98d49\" data-id=\"2e98d49\" data-element_type=\"column\" data-e-type=\"column\">\n\t\t\t<div class=\"elementor-widget-wrap elementor-element-populated\">\n\t\t\t\t\t\t<div class=\"elementor-element elementor-element-891836e elementor-invisible elementor-widget elementor-widget-text-editor\" data-id=\"891836e\" data-element_type=\"widget\" data-e-type=\"widget\" data-settings=\"{&quot;_animation&quot;:&quot;fadeInDown&quot;}\" data-widget_type=\"text-editor.default\">\n\t\t\t\t<div class=\"elementor-widget-container\">\n\t\t\t\t\t\t\t\t\t<h2><strong>\u00bfQu\u00e9 es el Botox?<\/strong><\/h2><p>La toxina botul\u00ednica, o m\u00e1s popularmente conocida como botox es una neurotoxina que surge del<span>\u00a0<\/span><strong>botulismo<\/strong>. Se conoce como botulismo, a la enfermedad que surge de una bacteria que provoca par\u00e1lisis muscular. A pesar de su origen, el botox es empleado con fines m\u00e9dicos en enfermedades neurol\u00f3gicas, y en la medicina est\u00e9tica gracias a su capacidad de paralizar m\u00fasculos.<\/p><p>La toxina botul\u00ednica tipo A, se comenz\u00f3 a utilizar de forma experimental en medicina en 1960 para su uso oftalmol\u00f3gico en el tratamiento del estrabismo, en 1979, la FDA autoriz\u00f3 el uso de toxina botul\u00ednica para uso humano, con ciertas indicaciones espec\u00edficas.<\/p><p>Al ver el efecto sobre los m\u00fasculos, los neur\u00f3logos comenzaron a utilizar este producto en rigidez espasm\u00f3dica de cuello y otras patolog\u00edas.Desde 1987 se utiliza para uso est\u00e9tico y cosm\u00e9tico para las arrugas de frente, entrecejo y patas de gallo.<\/p><h2><strong>\u00bfCu\u00e1ndo utilizarlo?<\/strong><\/h2><p>Cuando aparecen las primeras arrugas de expresi\u00f3n<\/p><ul><li>Arrugas alrededor de los ojos, conocidas como patas de gallo<\/li><li>Pliegues horizontales en la frente<\/li><li>L\u00edneas en las comisuras de la boca<\/li><li>Piel \u00abadoquinada\u00bb en el ment\u00f3n<\/li><\/ul>\t\t\t\t\t\t\t\t<\/div>\n\t\t\t\t<\/div>\n\t\t\t\t\t<\/div>\n\t\t<\/div>\n\t\t\t\t\t<\/div>\n\t\t<\/section>\n\t\t\t\t<section class=\"elementor-section elementor-top-section elementor-element elementor-element-0aa2a63 elementor-section-boxed elementor-section-height-default elementor-section-height-default\" data-id=\"0aa2a63\" data-element_type=\"section\" data-e-type=\"section\">\n\t\t\t\t\t\t<div class=\"elementor-container elementor-column-gap-default\">\n\t\t\t\t\t<div class=\"elementor-column elementor-col-66 elementor-top-column elementor-element elementor-element-60998d2\" data-id=\"60998d2\" data-element_type=\"column\" data-e-type=\"column\">\n\t\t\t<div class=\"elementor-widget-wrap elementor-element-populated\">\n\t\t\t\t\t\t<div class=\"elementor-element elementor-element-fccafe6 elementor-widget elementor-widget-image\" data-id=\"fccafe6\" data-element_type=\"widget\" data-e-type=\"widget\" data-widget_type=\"image.default\">\n\t\t\t\t<div class=\"elementor-widget-container\">\n\t\t\t\t\t\t\t\t\t\t\t\t\t\t\t<img decoding=\"async\" width=\"750\" height=\"500\" src=\"https:\/\/clinicasdeozono.com\/wp-content\/uploads\/2025\/04\/Untitled-design-1-1024x683.png\" class=\"attachment-large size-large wp-image-1213\" alt=\"\" srcset=\"https:\/\/clinicasdeozono.com\/wp-content\/uploads\/2025\/04\/Untitled-design-1-1024x683.png 1024w, https:\/\/clinicasdeozono.com\/wp-content\/uploads\/2025\/04\/Untitled-design-1-300x200.png 300w, https:\/\/clinicasdeozono.com\/wp-content\/uploads\/2025\/04\/Untitled-design-1-768x512.png 768w, https:\/\/clinicasdeozono.com\/wp-content\/uploads\/2025\/04\/Untitled-design-1-1536x1024.png 1536w, https:\/\/clinicasdeozono.com\/wp-content\/uploads\/2025\/04\/Untitled-design-1-360x240.png 360w, https:\/\/clinicasdeozono.com\/wp-content\/uploads\/2025\/04\/Untitled-design-1-600x400.png 600w, https:\/\/clinicasdeozono.com\/wp-content\/uploads\/2025\/04\/Untitled-design-1.png 1800w\" sizes=\"(max-width: 750px) 100vw, 750px\" \/>\t\t\t\t\t\t\t\t\t\t\t\t\t\t\t<\/div>\n\t\t\t\t<\/div>\n\t\t\t\t\t<\/div>\n\t\t<\/div>\n\t\t\t\t<div class=\"elementor-column elementor-col-33 elementor-top-column elementor-element elementor-element-7cf91ad\" data-id=\"7cf91ad\" data-element_type=\"column\" data-e-type=\"column\">\n\t\t\t<div class=\"elementor-widget-wrap elementor-element-populated\">\n\t\t\t\t\t\t<div class=\"elementor-element elementor-element-bda6aca elementor-invisible elementor-widget elementor-widget-heading\" data-id=\"bda6aca\" data-element_type=\"widget\" data-e-type=\"widget\" data-settings=\"{&quot;_animation&quot;:&quot;fadeInDown&quot;}\" data-widget_type=\"heading.default\">\n\t\t\t\t<div class=\"elementor-widget-container\">\n\t\t\t\t\t<h2 class=\"elementor-heading-title elementor-size-default\">Baby Botox<\/h2>\t\t\t\t<\/div>\n\t\t\t\t<\/div>\n\t\t\t\t<div class=\"elementor-element elementor-element-6762b79 elementor-widget elementor-widget-text-editor\" data-id=\"6762b79\" data-element_type=\"widget\" data-e-type=\"widget\" data-widget_type=\"text-editor.default\">\n\t\t\t\t<div class=\"elementor-widget-container\">\n\t\t\t\t\t\t\t\t\t<p>Es lo mismo que la aplicaci\u00f3n de b\u00f3tox (toxina botul\u00ednica) el cual act\u00faa a nivel muscular relaj\u00e1ndolo por aproximadamente 4 meses. La diferencia en el<span>\u00a0<\/span><strong>baby b\u00f3tox<\/strong><span>\u00a0<\/span>radica en que se aplica en dosis menores a los pacientes, debido a que tienen pocas arrugas o apenas muestran los primeros signos.<\/p><figure class=\"AssetEmbedWrapper-eVDQiB byBkf asset-embed\"><div class=\"AssetEmbedAssetContainer-eJxoAx dBHGoQ asset-embed__asset-container\"><\/div><\/figure>\t\t\t\t\t\t\t\t<\/div>\n\t\t\t\t<\/div>\n\t\t\t\t\t<\/div>\n\t\t<\/div>\n\t\t\t\t\t<\/div>\n\t\t<\/section>\n\t\t\t\t<section class=\"elementor-section elementor-top-section elementor-element elementor-element-92b87f8 elementor-section-boxed elementor-section-height-default elementor-section-height-default\" data-id=\"92b87f8\" data-element_type=\"section\" data-e-type=\"section\">\n\t\t\t\t\t\t<div class=\"elementor-container elementor-column-gap-default\">\n\t\t\t\t\t<div class=\"elementor-column elementor-col-100 elementor-top-column elementor-element elementor-element-a270be0\" data-id=\"a270be0\" data-element_type=\"column\" data-e-type=\"column\">\n\t\t\t<div class=\"elementor-widget-wrap elementor-element-populated\">\n\t\t\t\t\t\t<div class=\"elementor-element elementor-element-c75ccb0 elementor-widget elementor-widget-text-editor\" data-id=\"c75ccb0\" data-element_type=\"widget\" data-e-type=\"widget\" data-widget_type=\"text-editor.default\">\n\t\t\t\t<div class=\"elementor-widget-container\">\n\t\t\t\t\t\t\t\t\t<ul class=\"elementor-icon-list-items\">\n<li class=\"elementor-icon-list-item\"><span class=\"elementor-icon-list-text\"><b>Previene arrugas prematuras:<\/b><br>El Baby Botox relaja los m\u00fasculos faciales impidiendo la formaci\u00f3n de l\u00edneas de expresi\u00f3n y arrugas cuando a\u00fan no se manifiestan. As\u00ed previene marcas antes de tiempo.<\/span><\/li>\n<li class=\"elementor-icon-list-item\"><span class=\"elementor-icon-list-icon\"><i class=\"fas fa-check\" aria-hidden=\"true\"><\/i><\/span><span class=\"elementor-icon-list-text\"><b>Reduce l\u00edneas de expresi\u00f3n incipientes:<\/b><br>Al aplicarse en mujeres y hombres j\u00f3venes, el Baby Botox difumina sutilmente las casi imperceptibles l\u00edneas que empiezan a manifestarse con los primeros gestos.<\/span><\/li>\n<li class=\"elementor-icon-list-item\"><span class=\"elementor-icon-list-icon\"><i class=\"fas fa-check\" aria-hidden=\"true\"><\/i><\/span><span class=\"elementor-icon-list-text\"><b>Mejora la textura y luminosidad de la tez:<\/b><br>El Baby Botox hace que la piel luzca m\u00e1s tersa, suave y uniforme, potenciando su luminosidad juvenil.<\/span><\/li>\n<li class=\"elementor-icon-list-item\"><span class=\"elementor-icon-list-icon\"><i class=\"fas fa-check\" aria-hidden=\"true\"><\/i><\/span><span class=\"elementor-icon-list-text\"><b>Aporta mayor firmeza y tersura:<\/b><br>Este tratamiento relaja los m\u00fasculos proporcionando una sensaci\u00f3n de firmeza y tersura en la piel.<\/span><\/li>\n<li class=\"elementor-icon-list-item\"><span class=\"elementor-icon-list-icon\"><i class=\"fas fa-check\" aria-hidden=\"true\"><\/i><\/span><span class=\"elementor-icon-list-text\"><b>Prolonga el efecto del maquillaje:<\/b><br>La mejor textura de la piel tratada con Baby Botox hace que el maquillaje se adhiera mejor y dure m\u00e1s tiempo impecable.<\/span><\/li>\n<li class=\"elementor-icon-list-item\"><span class=\"elementor-icon-list-icon\"><i class=\"fas fa-check\" aria-hidden=\"true\"><\/i><\/span><span class=\"elementor-icon-list-text\"><b>Te brinda mayor confianza en ti mismo:<\/b><br>Verte radiante y fresca impulsa tu autoestima y seguridad para brillar en tus veintes con la mejor versi\u00f3n de ti mismo.<\/span><\/li>\n<\/ul>\t\t\t\t\t\t\t\t<\/div>\n\t\t\t\t<\/div>\n\t\t\t\t\t<\/div>\n\t\t<\/div>\n\t\t\t\t\t<\/div>\n\t\t<\/section>\n\t\t\t\t<section class=\"elementor-section elementor-top-section elementor-element elementor-element-05a4f29 elementor-section-boxed elementor-section-height-default elementor-section-height-default\" data-id=\"05a4f29\" data-element_type=\"section\" data-e-type=\"section\">\n\t\t\t\t\t\t<div class=\"elementor-container elementor-column-gap-default\">\n\t\t\t\t\t<div class=\"elementor-column elementor-col-100 elementor-top-column elementor-element elementor-element-0e09530\" data-id=\"0e09530\" data-element_type=\"column\" data-e-type=\"column\">\n\t\t\t<div class=\"elementor-widget-wrap elementor-element-populated\">\n\t\t\t\t\t\t<div class=\"elementor-element elementor-element-d20c7b2 elementor-align-center elementor-widget elementor-widget-button\" data-id=\"d20c7b2\" data-element_type=\"widget\" data-e-type=\"widget\" data-widget_type=\"button.default\">\n\t\t\t\t<div class=\"elementor-widget-container\">\n\t\t\t\t\t\t\t\t\t<div class=\"elementor-button-wrapper\">\n\t\t\t\t\t<a class=\"elementor-button elementor-button-link elementor-size-sm\" href=\"https:\/\/wa.me\/525525634362?text=Deseo%20m\u00e1s%20informaci\u00f3n%20sobre%20botox\">\n\t\t\t\t\t\t<span class=\"elementor-button-content-wrapper\">\n\t\t\t\t\t\t\t\t\t<span class=\"elementor-button-text\">Haz cita ya<\/span>\n\t\t\t\t\t<\/span>\n\t\t\t\t\t<\/a>\n\t\t\t\t<\/div>\n\t\t\t\t\t\t\t\t<\/div>\n\t\t\t\t<\/div>\n\t\t\t\t\t<\/div>\n\t\t<\/div>\n\t\t\t\t\t<\/div>\n\t\t<\/section>\n\t\t\t\t<\/div>\n\t\t","protected":false},"excerpt":{"rendered":"<p>Botox o toxina botul\u00ednica es una neurotoxina que se utiliza para suavizar arrugas y l\u00edneas de expresi\u00f3n al bloquear temporalmente la actividad muscular \u00bfQu\u00e9 es el Botox? La toxina botul\u00ednica, o m\u00e1s popularmente conocida como botox es una neurotoxina que surge del\u00a0botulismo. Se conoce como botulismo, a la enfermedad que [&hellip;]<\/p>\n","protected":false},"author":1,"featured_media":0,"parent":0,"menu_order":0,"comment_status":"closed","ping_status":"closed","template":"page-templates\/template-pagebuilder-full-width.php","meta":{"om_disable_all_campaigns":false,"_monsterinsights_skip_tracking":false,"_monsterinsights_sitenote_active":false,"_monsterinsights_sitenote_note":"","_monsterinsights_sitenote_category":0,"footnotes":""},"class_list":["post-1206","page","type-page","status-publish","hentry"],"aioseo_notices":[],"_links":{"self":[{"href":"https:\/\/clinicasdeozono.com\/index.php?rest_route=\/wp\/v2\/pages\/1206","targetHints":{"allow":["GET"]}}],"collection":[{"href":"https:\/\/clinicasdeozono.com\/index.php?rest_route=\/wp\/v2\/pages"}],"about":[{"href":"https:\/\/clinicasdeozono.com\/index.php?rest_route=\/wp\/v2\/types\/page"}],"author":[{"embeddable":true,"href":"https:\/\/clinicasdeozono.com\/index.php?rest_route=\/wp\/v2\/users\/1"}],"replies":[{"embeddable":true,"href":"https:\/\/clinicasdeozono.com\/index.php?rest_route=%2Fwp%2Fv2%2Fcomments&post=1206"}],"version-history":[{"count":6,"href":"https:\/\/clinicasdeozono.com\/index.php?rest_route=\/wp\/v2\/pages\/1206\/revisions"}],"predecessor-version":[{"id":1216,"href":"https:\/\/clinicasdeozono.com\/index.php?rest_route=\/wp\/v2\/pages\/1206\/revisions\/1216"}],"wp:attachment":[{"href":"https:\/\/clinicasdeozono.com\/index.php?rest_route=%2Fwp%2Fv2%2Fmedia&parent=1206"}],"curies":[{"name":"wp","href":"https:\/\/api.w.org\/{rel}","templated":true}]}}