{"id":1223,"date":"2026-03-03T11:44:01","date_gmt":"2026-03-03T17:44:01","guid":{"rendered":"https:\/\/clinicasdeozono.com\/?page_id=1223"},"modified":"2026-03-03T12:02:59","modified_gmt":"2026-03-03T18:02:59","slug":"ozonoterapia-2","status":"publish","type":"page","link":"https:\/\/clinicasdeozono.com\/?page_id=1223","title":{"rendered":"OZONOTERAPIA"},"content":{"rendered":"\t\t<div data-elementor-type=\"wp-page\" data-elementor-id=\"1223\" class=\"elementor elementor-1223\">\n\t\t\t\t\t\t<section class=\"elementor-section elementor-top-section elementor-element elementor-element-fa74cb0 elementor-section-boxed elementor-section-height-default elementor-section-height-default\" data-id=\"fa74cb0\" data-element_type=\"section\" data-e-type=\"section\">\n\t\t\t\t\t\t<div class=\"elementor-container elementor-column-gap-default\">\n\t\t\t\t\t<div class=\"elementor-column elementor-col-100 elementor-top-column elementor-element elementor-element-e471d4f\" data-id=\"e471d4f\" data-element_type=\"column\" data-e-type=\"column\">\n\t\t\t<div class=\"elementor-widget-wrap elementor-element-populated\">\n\t\t\t\t\t\t<div class=\"elementor-element elementor-element-51c1f14 elementor-widget elementor-widget-heading\" data-id=\"51c1f14\" data-element_type=\"widget\" data-e-type=\"widget\" data-widget_type=\"heading.default\">\n\t\t\t\t<div class=\"elementor-widget-container\">\n\t\t\t\t\t<h2 class=\"elementor-heading-title elementor-size-default\">OZONOTERAPIA<\/h2>\t\t\t\t<\/div>\n\t\t\t\t<\/div>\n\t\t\t\t\t<\/div>\n\t\t<\/div>\n\t\t\t\t\t<\/div>\n\t\t<\/section>\n\t\t\t\t<section class=\"elementor-section elementor-top-section elementor-element elementor-element-acd721c elementor-section-boxed elementor-section-height-default elementor-section-height-default\" data-id=\"acd721c\" data-element_type=\"section\" data-e-type=\"section\">\n\t\t\t\t\t\t<div class=\"elementor-container elementor-column-gap-default\">\n\t\t\t\t\t<div class=\"elementor-column elementor-col-100 elementor-top-column elementor-element elementor-element-73b2891\" data-id=\"73b2891\" data-element_type=\"column\" data-e-type=\"column\">\n\t\t\t<div class=\"elementor-widget-wrap elementor-element-populated\">\n\t\t\t\t\t\t<div class=\"elementor-element elementor-element-cbfdd27 elementor-widget elementor-widget-text-editor\" data-id=\"cbfdd27\" data-element_type=\"widget\" data-e-type=\"widget\" data-widget_type=\"text-editor.default\">\n\t\t\t\t<div class=\"elementor-widget-container\">\n\t\t\t\t\t\t\t\t\t<p>\u00bf<strong>Qu\u00e9 es la ozonoterapia? <\/strong>La ozonoterapia consiste en la administraci\u00f3n de\u00a0<strong>ozono (O3)<\/strong>\u00a0a diferentes concentraciones, seg\u00fan la enfermedad a tratar, con el fin de sanar o mejorar la condici\u00f3n del paciente. El ozono es la forma triat\u00f3mica del ox\u00edgeno (O3), obtenida a partir del ox\u00edgeno puro, por medio de un proceso f\u00edsico, al producirse una descarga el\u00e9ctrica, en un aparato dise\u00f1ado para tal fin (ozonizadores), y que aporta diferentes concentraciones de ozono seg\u00fan la patolog\u00eda a tratar.<\/p><p><strong>\u00bfCual\u00e9s son los efectos terap\u00e9uticos del ozono?<\/strong>\u00a0<\/p><p><strong>1<\/strong>. Estimula el riego sangu\u00edneo.<\/p><p><strong>2<\/strong>. Mejora el suministro de ox\u00edgeno a todo el organismo.<\/p><p><strong>3<\/strong>. Favorece la funci\u00f3n desintoxicante del h\u00edgado.<\/p><p><strong>4<\/strong>. Mejora las lesiones del h\u00edgado por consumo de alcohol o por virus (hepatitis).<\/p><p><strong>5<\/strong>. Reduce intensamente los l\u00edpidos sangu\u00edneos.<\/p><p><strong>6<\/strong>.Fortalece el mecanismo inmunol\u00f3gico.<\/p><p><strong>7<\/strong>. Ayuda al organismo a soportar mejor otros tratamientos, por ejemplo la quimio y la radioterapia.<\/p><p><strong>8<\/strong>. Combate eficazmente el estr\u00e9s.<\/p><p><strong>9<\/strong>. Mejora el estado general.<\/p>\t\t\t\t\t\t\t\t<\/div>\n\t\t\t\t<\/div>\n\t\t\t\t\t<\/div>\n\t\t<\/div>\n\t\t\t\t\t<\/div>\n\t\t<\/section>\n\t\t\t\t<\/div>\n\t\t","protected":false},"excerpt":{"rendered":"<p>OZONOTERAPIA \u00bfQu\u00e9 es la ozonoterapia? La ozonoterapia consiste en la administraci\u00f3n de\u00a0ozono (O3)\u00a0a diferentes concentraciones, seg\u00fan la enfermedad a tratar, con el fin de sanar o mejorar la condici\u00f3n del paciente. El ozono es la forma triat\u00f3mica del ox\u00edgeno (O3), obtenida a partir del ox\u00edgeno puro, por medio de un [&hellip;]<\/p>\n","protected":false},"author":1,"featured_media":0,"parent":0,"menu_order":0,"comment_status":"closed","ping_status":"closed","template":"page-templates\/template-pagebuilder-full-width.php","meta":{"om_disable_all_campaigns":false,"_monsterinsights_skip_tracking":false,"_monsterinsights_sitenote_active":false,"_monsterinsights_sitenote_note":"","_monsterinsights_sitenote_category":0,"footnotes":""},"class_list":["post-1223","page","type-page","status-publish","hentry"],"aioseo_notices":[],"_links":{"self":[{"href":"https:\/\/clinicasdeozono.com\/index.php?rest_route=\/wp\/v2\/pages\/1223","targetHints":{"allow":["GET"]}}],"collection":[{"href":"https:\/\/clinicasdeozono.com\/index.php?rest_route=\/wp\/v2\/pages"}],"about":[{"href":"https:\/\/clinicasdeozono.com\/index.php?rest_route=\/wp\/v2\/types\/page"}],"author":[{"embeddable":true,"href":"https:\/\/clinicasdeozono.com\/index.php?rest_route=\/wp\/v2\/users\/1"}],"replies":[{"embeddable":true,"href":"https:\/\/clinicasdeozono.com\/index.php?rest_route=%2Fwp%2Fv2%2Fcomments&post=1223"}],"version-history":[{"count":8,"href":"https:\/\/clinicasdeozono.com\/index.php?rest_route=\/wp\/v2\/pages\/1223\/revisions"}],"predecessor-version":[{"id":1238,"href":"https:\/\/clinicasdeozono.com\/index.php?rest_route=\/wp\/v2\/pages\/1223\/revisions\/1238"}],"wp:attachment":[{"href":"https:\/\/clinicasdeozono.com\/index.php?rest_route=%2Fwp%2Fv2%2Fmedia&parent=1223"}],"curies":[{"name":"wp","href":"https:\/\/api.w.org\/{rel}","templated":true}]}}