{"id":1232,"date":"2026-03-03T12:30:43","date_gmt":"2026-03-03T18:30:43","guid":{"rendered":"https:\/\/clinicasdeozono.com\/?page_id=1232"},"modified":"2026-03-03T13:39:32","modified_gmt":"2026-03-03T19:39:32","slug":"suero-ozonizado-suero-intravenoso","status":"publish","type":"page","link":"https:\/\/clinicasdeozono.com\/?page_id=1232","title":{"rendered":"Suero ozonizado\/Suero intravenoso"},"content":{"rendered":"\t\t<div data-elementor-type=\"wp-page\" data-elementor-id=\"1232\" class=\"elementor elementor-1232\">\n\t\t\t\t\t\t<section class=\"elementor-section elementor-top-section elementor-element elementor-element-debee69 elementor-section-boxed elementor-section-height-default elementor-section-height-default\" data-id=\"debee69\" data-element_type=\"section\" data-e-type=\"section\">\n\t\t\t\t\t\t<div class=\"elementor-container elementor-column-gap-default\">\n\t\t\t\t\t<div class=\"elementor-column elementor-col-100 elementor-top-column elementor-element elementor-element-b4a1399\" data-id=\"b4a1399\" data-element_type=\"column\" data-e-type=\"column\">\n\t\t\t<div class=\"elementor-widget-wrap elementor-element-populated\">\n\t\t\t\t\t\t<div class=\"elementor-element elementor-element-187f07b elementor-widget elementor-widget-heading\" data-id=\"187f07b\" data-element_type=\"widget\" data-e-type=\"widget\" data-widget_type=\"heading.default\">\n\t\t\t\t<div class=\"elementor-widget-container\">\n\t\t\t\t\t<h2 class=\"elementor-heading-title elementor-size-default\">SUERO INTRAVENOSO\/SOLUCI\u00d3N SALINA OZONIZADA<\/h2>\t\t\t\t<\/div>\n\t\t\t\t<\/div>\n\t\t\t\t\t<\/div>\n\t\t<\/div>\n\t\t\t\t\t<\/div>\n\t\t<\/section>\n\t\t\t\t<section class=\"elementor-section elementor-top-section elementor-element elementor-element-6aaf270 elementor-section-boxed elementor-section-height-default elementor-section-height-default\" data-id=\"6aaf270\" data-element_type=\"section\" data-e-type=\"section\">\n\t\t\t\t\t\t<div class=\"elementor-container elementor-column-gap-default\">\n\t\t\t\t\t<div class=\"elementor-column elementor-col-100 elementor-top-column elementor-element elementor-element-4a99794\" data-id=\"4a99794\" data-element_type=\"column\" data-e-type=\"column\">\n\t\t\t<div class=\"elementor-widget-wrap elementor-element-populated\">\n\t\t\t\t\t\t<div class=\"elementor-element elementor-element-6ad390b elementor-widget elementor-widget-spacer\" data-id=\"6ad390b\" data-element_type=\"widget\" data-e-type=\"widget\" data-widget_type=\"spacer.default\">\n\t\t\t\t<div class=\"elementor-widget-container\">\n\t\t\t\t\t\t\t<div class=\"elementor-spacer\">\n\t\t\t<div class=\"elementor-spacer-inner\"><\/div>\n\t\t<\/div>\n\t\t\t\t\t\t<\/div>\n\t\t\t\t<\/div>\n\t\t\t\t\t<\/div>\n\t\t<\/div>\n\t\t\t\t\t<\/div>\n\t\t<\/section>\n\t\t\t\t<section class=\"elementor-section elementor-top-section elementor-element elementor-element-452b8a5 elementor-section-boxed elementor-section-height-default elementor-section-height-default\" data-id=\"452b8a5\" data-element_type=\"section\" data-e-type=\"section\">\n\t\t\t\t\t\t<div class=\"elementor-container elementor-column-gap-default\">\n\t\t\t\t\t<div class=\"elementor-column elementor-col-25 elementor-top-column elementor-element elementor-element-2118235\" data-id=\"2118235\" data-element_type=\"column\" data-e-type=\"column\">\n\t\t\t<div class=\"elementor-widget-wrap elementor-element-populated\">\n\t\t\t\t\t\t<div class=\"elementor-element elementor-element-c381f48 elementor-widget elementor-widget-image\" data-id=\"c381f48\" data-element_type=\"widget\" data-e-type=\"widget\" data-widget_type=\"image.default\">\n\t\t\t\t<div class=\"elementor-widget-container\">\n\t\t\t\t\t\t\t\t\t\t\t\t\t\t\t<img fetchpriority=\"high\" decoding=\"async\" width=\"460\" height=\"700\" src=\"https:\/\/clinicasdeozono.com\/wp-content\/uploads\/2026\/03\/IMG_2551-460x700.jpg\" class=\"attachment-woocommerce_thumbnail_2x size-woocommerce_thumbnail_2x wp-image-1242\" alt=\"\" srcset=\"https:\/\/clinicasdeozono.com\/wp-content\/uploads\/2026\/03\/IMG_2551-460x700.jpg 460w, https:\/\/clinicasdeozono.com\/wp-content\/uploads\/2026\/03\/IMG_2551-230x350.jpg 230w\" sizes=\"(max-width: 460px) 100vw, 460px\" \/>\t\t\t\t\t\t\t\t\t\t\t\t\t\t\t<\/div>\n\t\t\t\t<\/div>\n\t\t\t\t\t<\/div>\n\t\t<\/div>\n\t\t\t\t<div class=\"elementor-column elementor-col-25 elementor-top-column elementor-element elementor-element-1edc2c2\" data-id=\"1edc2c2\" data-element_type=\"column\" data-e-type=\"column\">\n\t\t\t<div class=\"elementor-widget-wrap elementor-element-populated\">\n\t\t\t\t\t\t<div class=\"elementor-element elementor-element-787d94b elementor-widget__width-initial elementor-widget elementor-widget-image\" data-id=\"787d94b\" data-element_type=\"widget\" data-e-type=\"widget\" data-widget_type=\"image.default\">\n\t\t\t\t<div class=\"elementor-widget-container\">\n\t\t\t\t\t\t\t\t\t\t\t\t\t\t\t<img decoding=\"async\" width=\"460\" height=\"700\" src=\"https:\/\/clinicasdeozono.com\/wp-content\/uploads\/2026\/03\/IMG_2547-1-460x700.jpg\" class=\"attachment-woocommerce_thumbnail_2x size-woocommerce_thumbnail_2x wp-image-1241\" alt=\"\" srcset=\"https:\/\/clinicasdeozono.com\/wp-content\/uploads\/2026\/03\/IMG_2547-1-460x700.jpg 460w, https:\/\/clinicasdeozono.com\/wp-content\/uploads\/2026\/03\/IMG_2547-1-230x350.jpg 230w\" sizes=\"(max-width: 460px) 100vw, 460px\" \/>\t\t\t\t\t\t\t\t\t\t\t\t\t\t\t<\/div>\n\t\t\t\t<\/div>\n\t\t\t\t\t<\/div>\n\t\t<\/div>\n\t\t\t\t<div class=\"elementor-column elementor-col-50 elementor-top-column elementor-element elementor-element-aee9873\" data-id=\"aee9873\" data-element_type=\"column\" data-e-type=\"column\">\n\t\t\t<div class=\"elementor-widget-wrap elementor-element-populated\">\n\t\t\t\t\t\t<section class=\"elementor-section elementor-inner-section elementor-element elementor-element-fad058f elementor-section-boxed elementor-section-height-default elementor-section-height-default\" data-id=\"fad058f\" data-element_type=\"section\" data-e-type=\"section\">\n\t\t\t\t\t\t<div class=\"elementor-container elementor-column-gap-default\">\n\t\t\t\t\t<div class=\"elementor-column elementor-col-100 elementor-inner-column elementor-element elementor-element-0323ff4\" data-id=\"0323ff4\" data-element_type=\"column\" data-e-type=\"column\">\n\t\t\t<div class=\"elementor-widget-wrap elementor-element-populated\">\n\t\t\t\t\t\t<div class=\"elementor-element elementor-element-a46bfbe elementor-widget elementor-widget-text-editor\" data-id=\"a46bfbe\" data-element_type=\"widget\" data-e-type=\"widget\" data-widget_type=\"text-editor.default\">\n\t\t\t\t<div class=\"elementor-widget-container\">\n\t\t\t\t\t\t\t\t\t<p>Regula al sistema inmunol\u00f3gico y oxigena nuestro organismo produciendo la sensaci\u00f3n inmediata de bienestar. Indicado para enfermedades autoinmunes, coadyuvante en el c\u00e1ncer, dolor cr\u00f3nico y \u201crejuvenecimiento\u201d celular<\/p>\t\t\t\t\t\t\t\t<\/div>\n\t\t\t\t<\/div>\n\t\t\t\t\t<\/div>\n\t\t<\/div>\n\t\t\t\t\t<\/div>\n\t\t<\/section>\n\t\t\t\t<div class=\"elementor-element elementor-element-ad3c5fb elementor-widget elementor-widget-text-editor\" data-id=\"ad3c5fb\" data-element_type=\"widget\" data-e-type=\"widget\" data-widget_type=\"text-editor.default\">\n\t\t\t\t<div class=\"elementor-widget-container\">\n\t\t\t\t\t\t\t\t\t<p>Se trata de una soluci\u00f3n fisiol\u00f3gica <strong>(suero que semeja al plasma sangu\u00edneo)<\/strong> que se ozononiza para despu\u00e9s aplicar v\u00eda endovenosa. Actualmente se\u00a0 ha demostrado que la soluci\u00f3n salina ozonizada es igualmente eficaz que la AUTOHEMOTERAPIA, esto es de suma importancia para aquellos pacientes con hemofobia (miedo a la sangre).<\/p>\t\t\t\t\t\t\t\t<\/div>\n\t\t\t\t<\/div>\n\t\t\t\t\t<\/div>\n\t\t<\/div>\n\t\t\t\t\t<\/div>\n\t\t<\/section>\n\t\t\t\t<section class=\"elementor-section elementor-top-section elementor-element elementor-element-8347f3f elementor-section-boxed elementor-section-height-default elementor-section-height-default\" data-id=\"8347f3f\" data-element_type=\"section\" data-e-type=\"section\">\n\t\t\t\t\t\t<div class=\"elementor-container elementor-column-gap-default\">\n\t\t\t\t\t<div class=\"elementor-column elementor-col-100 elementor-top-column elementor-element elementor-element-2d32132\" data-id=\"2d32132\" data-element_type=\"column\" data-e-type=\"column\">\n\t\t\t<div class=\"elementor-widget-wrap elementor-element-populated\">\n\t\t\t\t\t\t<div class=\"elementor-element elementor-element-9d3693c elementor-widget elementor-widget-spacer\" data-id=\"9d3693c\" data-element_type=\"widget\" data-e-type=\"widget\" data-widget_type=\"spacer.default\">\n\t\t\t\t<div class=\"elementor-widget-container\">\n\t\t\t\t\t\t\t<div class=\"elementor-spacer\">\n\t\t\t<div class=\"elementor-spacer-inner\"><\/div>\n\t\t<\/div>\n\t\t\t\t\t\t<\/div>\n\t\t\t\t<\/div>\n\t\t\t\t<div class=\"elementor-element elementor-element-d8ca679 elementor-widget elementor-widget-spacer\" data-id=\"d8ca679\" data-element_type=\"widget\" data-e-type=\"widget\" data-widget_type=\"spacer.default\">\n\t\t\t\t<div class=\"elementor-widget-container\">\n\t\t\t\t\t\t\t<div class=\"elementor-spacer\">\n\t\t\t<div class=\"elementor-spacer-inner\"><\/div>\n\t\t<\/div>\n\t\t\t\t\t\t<\/div>\n\t\t\t\t<\/div>\n\t\t\t\t\t<\/div>\n\t\t<\/div>\n\t\t\t\t\t<\/div>\n\t\t<\/section>\n\t\t\t\t<section class=\"elementor-section elementor-top-section elementor-element elementor-element-8fafae1 elementor-section-boxed elementor-section-height-default elementor-section-height-default\" data-id=\"8fafae1\" data-element_type=\"section\" data-e-type=\"section\">\n\t\t\t\t\t\t<div class=\"elementor-container elementor-column-gap-default\">\n\t\t\t\t\t<div class=\"elementor-column elementor-col-100 elementor-top-column elementor-element elementor-element-8071eab\" data-id=\"8071eab\" data-element_type=\"column\" data-e-type=\"column\">\n\t\t\t<div class=\"elementor-widget-wrap elementor-element-populated\">\n\t\t\t\t\t\t<div class=\"elementor-element elementor-element-e26ba84 elementor-widget elementor-widget-heading\" data-id=\"e26ba84\" data-element_type=\"widget\" data-e-type=\"widget\" data-widget_type=\"heading.default\">\n\t\t\t\t<div class=\"elementor-widget-container\">\n\t\t\t\t\t<h2 class=\"elementor-heading-title elementor-size-default\">Indicado en estos padecimentos, entre otros.<\/h2>\t\t\t\t<\/div>\n\t\t\t\t<\/div>\n\t\t\t\t\t<\/div>\n\t\t<\/div>\n\t\t\t\t\t<\/div>\n\t\t<\/section>\n\t\t\t\t<section class=\"elementor-section elementor-top-section elementor-element elementor-element-2e02cea elementor-section-boxed elementor-section-height-default elementor-section-height-default\" data-id=\"2e02cea\" data-element_type=\"section\" data-e-type=\"section\">\n\t\t\t\t\t\t<div class=\"elementor-container elementor-column-gap-default\">\n\t\t\t\t\t<div class=\"elementor-column elementor-col-100 elementor-top-column elementor-element elementor-element-14973fd\" data-id=\"14973fd\" data-element_type=\"column\" data-e-type=\"column\">\n\t\t\t<div class=\"elementor-widget-wrap\">\n\t\t\t\t\t\t\t<\/div>\n\t\t<\/div>\n\t\t\t\t\t<\/div>\n\t\t<\/section>\n\t\t\t\t<section class=\"elementor-section elementor-top-section elementor-element elementor-element-0dcbd7d elementor-section-boxed elementor-section-height-default elementor-section-height-default\" data-id=\"0dcbd7d\" data-element_type=\"section\" data-e-type=\"section\">\n\t\t\t\t\t\t<div class=\"elementor-container elementor-column-gap-default\">\n\t\t\t\t\t<div class=\"elementor-column elementor-col-100 elementor-top-column elementor-element elementor-element-ada0cef\" data-id=\"ada0cef\" data-element_type=\"column\" data-e-type=\"column\">\n\t\t\t<div class=\"elementor-widget-wrap elementor-element-populated\">\n\t\t\t\t\t\t<section class=\"elementor-section elementor-inner-section elementor-element elementor-element-6bb20c6 elementor-section-boxed elementor-section-height-default elementor-section-height-default\" data-id=\"6bb20c6\" data-element_type=\"section\" data-e-type=\"section\">\n\t\t\t\t\t\t<div class=\"elementor-container elementor-column-gap-default\">\n\t\t\t\t\t<div class=\"elementor-column elementor-col-50 elementor-inner-column elementor-element elementor-element-852673c\" data-id=\"852673c\" data-element_type=\"column\" data-e-type=\"column\">\n\t\t\t<div class=\"elementor-widget-wrap elementor-element-populated\">\n\t\t\t\t\t\t<div class=\"elementor-element elementor-element-24d3b70 elementor-widget elementor-widget-text-editor\" data-id=\"24d3b70\" data-element_type=\"widget\" data-e-type=\"widget\" data-widget_type=\"text-editor.default\">\n\t\t\t\t<div class=\"elementor-widget-container\">\n\t\t\t\t\t\t\t\t\t<ul><li>Depresi\u00f3n<\/li><li>Hepatitis C aguda y hepatopat\u00eda cr\u00f3nica.<\/li><li>Hepatopat\u00eda cr\u00f3nica, (hepatitis C y B).<\/li><li>Cirrosis hep\u00e1tica.<\/li><li>Hipercolesterolemia.<\/li><li>Linfoedema.\u00a0<\/li><li>C\u00e1ncer.<\/li><li>VIH<\/li><li>Insuficiencia venosa<\/li><li>Enfermedades vasculares degenerativas (ateroesclerosis obliterante)\u00a0<\/li><li>Linfangitis.<\/li><li>Tromboflebitis reciente.<\/li><li>Arterioesclerosis.<\/li><li>Esclerosis cerebral.<\/li><\/ul>\t\t\t\t\t\t\t\t<\/div>\n\t\t\t\t<\/div>\n\t\t\t\t\t<\/div>\n\t\t<\/div>\n\t\t\t\t<div class=\"elementor-column elementor-col-50 elementor-inner-column elementor-element elementor-element-18a25f0\" data-id=\"18a25f0\" data-element_type=\"column\" data-e-type=\"column\">\n\t\t\t<div class=\"elementor-widget-wrap elementor-element-populated\">\n\t\t\t\t\t\t<div class=\"elementor-element elementor-element-90dc3f8 elementor-widget elementor-widget-text-editor\" data-id=\"90dc3f8\" data-element_type=\"widget\" data-e-type=\"widget\" data-widget_type=\"text-editor.default\">\n\t\t\t\t<div class=\"elementor-widget-container\">\n\t\t\t\t\t\t\t\t\t<ul><li>S\u00edndrome de fatiga cr\u00f3nica.<\/li><li>Esclerosis m\u00faltiple<\/li><li>COVID<\/li><li>Migra\u00f1as<\/li><li>Neuralgia del trig\u00e9mino<\/li><li>Neuralgias post-herp\u00e9ticas.<\/li><li>Cefalalgia circulatoria<\/li><li>Cefalalgia de racimo.<\/li><li>Enfermedad de parkinson.<\/li><li>Coadyuvante en la radio y quimioterapia del c\u00e1ncer.<\/li><li>Demencia.<\/li><li>Alzheimer.<\/li><li>Parkinson.<\/li><li>P\u00e9rdida de peso<\/li><\/ul>\t\t\t\t\t\t\t\t<\/div>\n\t\t\t\t<\/div>\n\t\t\t\t\t<\/div>\n\t\t<\/div>\n\t\t\t\t\t<\/div>\n\t\t<\/section>\n\t\t\t\t\t<\/div>\n\t\t<\/div>\n\t\t\t\t\t<\/div>\n\t\t<\/section>\n\t\t\t\t<\/div>\n\t\t","protected":false},"excerpt":{"rendered":"<p>SUERO INTRAVENOSO\/SOLUCI\u00d3N SALINA OZONIZADA Regula al sistema inmunol\u00f3gico y oxigena nuestro organismo produciendo la sensaci\u00f3n inmediata de bienestar. Indicado para enfermedades autoinmunes, coadyuvante en el c\u00e1ncer, dolor cr\u00f3nico y \u201crejuvenecimiento\u201d celular Se trata de una soluci\u00f3n fisiol\u00f3gica (suero que semeja al plasma sangu\u00edneo) que se ozononiza para despu\u00e9s aplicar v\u00eda [&hellip;]<\/p>\n","protected":false},"author":1,"featured_media":0,"parent":0,"menu_order":0,"comment_status":"closed","ping_status":"closed","template":"page-templates\/template-pagebuilder-full-width.php","meta":{"om_disable_all_campaigns":false,"_monsterinsights_skip_tracking":false,"_monsterinsights_sitenote_active":false,"_monsterinsights_sitenote_note":"","_monsterinsights_sitenote_category":0,"footnotes":""},"class_list":["post-1232","page","type-page","status-publish","hentry"],"aioseo_notices":[],"_links":{"self":[{"href":"https:\/\/clinicasdeozono.com\/index.php?rest_route=\/wp\/v2\/pages\/1232","targetHints":{"allow":["GET"]}}],"collection":[{"href":"https:\/\/clinicasdeozono.com\/index.php?rest_route=\/wp\/v2\/pages"}],"about":[{"href":"https:\/\/clinicasdeozono.com\/index.php?rest_route=\/wp\/v2\/types\/page"}],"author":[{"embeddable":true,"href":"https:\/\/clinicasdeozono.com\/index.php?rest_route=\/wp\/v2\/users\/1"}],"replies":[{"embeddable":true,"href":"https:\/\/clinicasdeozono.com\/index.php?rest_route=%2Fwp%2Fv2%2Fcomments&post=1232"}],"version-history":[{"count":22,"href":"https:\/\/clinicasdeozono.com\/index.php?rest_route=\/wp\/v2\/pages\/1232\/revisions"}],"predecessor-version":[{"id":1285,"href":"https:\/\/clinicasdeozono.com\/index.php?rest_route=\/wp\/v2\/pages\/1232\/revisions\/1285"}],"wp:attachment":[{"href":"https:\/\/clinicasdeozono.com\/index.php?rest_route=%2Fwp%2Fv2%2Fmedia&parent=1232"}],"curies":[{"name":"wp","href":"https:\/\/api.w.org\/{rel}","templated":true}]}}