{"id":1240,"date":"2026-03-03T13:23:15","date_gmt":"2026-03-03T19:23:15","guid":{"rendered":"https:\/\/clinicasdeozono.com\/?page_id=1240"},"modified":"2026-03-03T13:47:07","modified_gmt":"2026-03-03T19:47:07","slug":"pie-diabetico-ulceras-aplicacion-topica","status":"publish","type":"page","link":"https:\/\/clinicasdeozono.com\/?page_id=1240","title":{"rendered":"Pie diab\u00e9tico\/\u00dalceras"},"content":{"rendered":"\t\t<div data-elementor-type=\"wp-page\" data-elementor-id=\"1240\" class=\"elementor elementor-1240\">\n\t\t\t\t\t\t<section class=\"elementor-section elementor-top-section elementor-element elementor-element-2dfc3af elementor-section-boxed elementor-section-height-default elementor-section-height-default\" data-id=\"2dfc3af\" data-element_type=\"section\" data-e-type=\"section\">\n\t\t\t\t\t\t<div class=\"elementor-container elementor-column-gap-default\">\n\t\t\t\t\t<div class=\"elementor-column elementor-col-100 elementor-top-column elementor-element elementor-element-cc111e7\" data-id=\"cc111e7\" data-element_type=\"column\" data-e-type=\"column\">\n\t\t\t<div class=\"elementor-widget-wrap elementor-element-populated\">\n\t\t\t\t\t\t<div class=\"elementor-element elementor-element-970abb4 elementor-widget elementor-widget-heading\" data-id=\"970abb4\" data-element_type=\"widget\" data-e-type=\"widget\" data-widget_type=\"heading.default\">\n\t\t\t\t<div class=\"elementor-widget-container\">\n\t\t\t\t\t<h2 class=\"elementor-heading-title elementor-size-default\">Pie diab\u00e9tico\/\u00falceras<\/h2>\t\t\t\t<\/div>\n\t\t\t\t<\/div>\n\t\t\t\t\t<\/div>\n\t\t<\/div>\n\t\t\t\t\t<\/div>\n\t\t<\/section>\n\t\t\t\t<section class=\"elementor-section elementor-top-section elementor-element elementor-element-e43c659 elementor-section-boxed elementor-section-height-default elementor-section-height-default\" data-id=\"e43c659\" data-element_type=\"section\" data-e-type=\"section\">\n\t\t\t\t\t\t<div class=\"elementor-container elementor-column-gap-default\">\n\t\t\t\t\t<div class=\"elementor-column elementor-col-66 elementor-top-column elementor-element elementor-element-868dde3\" data-id=\"868dde3\" data-element_type=\"column\" data-e-type=\"column\">\n\t\t\t<div class=\"elementor-widget-wrap elementor-element-populated\">\n\t\t\t\t\t\t<div class=\"elementor-element elementor-element-7fe9c17 elementor-widget elementor-widget-image\" data-id=\"7fe9c17\" data-element_type=\"widget\" data-e-type=\"widget\" data-widget_type=\"image.default\">\n\t\t\t\t<div class=\"elementor-widget-container\">\n\t\t\t\t\t\t\t\t\t\t\t\t\t\t\t<img fetchpriority=\"high\" decoding=\"async\" width=\"750\" height=\"1003\" src=\"https:\/\/clinicasdeozono.com\/wp-content\/uploads\/2024\/09\/458191174_1117540183179530_8856585138978567890_n-766x1024.jpg\" class=\"attachment-large size-large wp-image-989\" alt=\"\" srcset=\"https:\/\/clinicasdeozono.com\/wp-content\/uploads\/2024\/09\/458191174_1117540183179530_8856585138978567890_n-766x1024.jpg 766w, https:\/\/clinicasdeozono.com\/wp-content\/uploads\/2024\/09\/458191174_1117540183179530_8856585138978567890_n-600x802.jpg 600w, https:\/\/clinicasdeozono.com\/wp-content\/uploads\/2024\/09\/458191174_1117540183179530_8856585138978567890_n-224x300.jpg 224w, https:\/\/clinicasdeozono.com\/wp-content\/uploads\/2024\/09\/458191174_1117540183179530_8856585138978567890_n-768x1027.jpg 768w, https:\/\/clinicasdeozono.com\/wp-content\/uploads\/2024\/09\/458191174_1117540183179530_8856585138978567890_n-1149x1536.jpg 1149w, https:\/\/clinicasdeozono.com\/wp-content\/uploads\/2024\/09\/458191174_1117540183179530_8856585138978567890_n.jpg 1532w\" sizes=\"(max-width: 750px) 100vw, 750px\" \/>\t\t\t\t\t\t\t\t\t\t\t\t\t\t\t<\/div>\n\t\t\t\t<\/div>\n\t\t\t\t\t<\/div>\n\t\t<\/div>\n\t\t\t\t<div class=\"elementor-column elementor-col-33 elementor-top-column elementor-element elementor-element-f6568a2\" data-id=\"f6568a2\" data-element_type=\"column\" data-e-type=\"column\">\n\t\t\t<div class=\"elementor-widget-wrap elementor-element-populated\">\n\t\t\t\t\t\t<div class=\"elementor-element elementor-element-62ba0dc elementor-widget elementor-widget-text-editor\" data-id=\"62ba0dc\" data-element_type=\"widget\" data-e-type=\"widget\" data-widget_type=\"text-editor.default\">\n\t\t\t\t<div class=\"elementor-widget-container\">\n\t\t\t\t\t\t\t\t\t<p>Tratamiento que consiste en desinfectar la herida, regenerar los tejidos y evitar as\u00ed las amputaciones. Tenemos cientos de pacientes que han sido salvados de la amputaci\u00f3n por haber acudido a tiempo.<\/p><p><\/p>\t\t\t\t\t\t\t\t<\/div>\n\t\t\t\t<\/div>\n\t\t\t\t\t<\/div>\n\t\t<\/div>\n\t\t\t\t\t<\/div>\n\t\t<\/section>\n\t\t\t\t<section class=\"elementor-section elementor-top-section elementor-element elementor-element-2b1f4c7 elementor-section-boxed elementor-section-height-default elementor-section-height-default\" data-id=\"2b1f4c7\" data-element_type=\"section\" data-e-type=\"section\">\n\t\t\t\t\t\t<div class=\"elementor-container elementor-column-gap-default\">\n\t\t\t\t\t<div class=\"elementor-column elementor-col-100 elementor-top-column elementor-element elementor-element-6459cc6\" data-id=\"6459cc6\" data-element_type=\"column\" data-e-type=\"column\">\n\t\t\t<div class=\"elementor-widget-wrap elementor-element-populated\">\n\t\t\t\t\t\t<div class=\"elementor-element elementor-element-bbde416 elementor-widget elementor-widget-heading\" data-id=\"bbde416\" data-element_type=\"widget\" data-e-type=\"widget\" data-widget_type=\"heading.default\">\n\t\t\t\t<div class=\"elementor-widget-container\">\n\t\t\t\t\t<h2 class=\"elementor-heading-title elementor-size-default\">Padecimientos en los que se aplica:<\/h2>\t\t\t\t<\/div>\n\t\t\t\t<\/div>\n\t\t\t\t\t<\/div>\n\t\t<\/div>\n\t\t\t\t\t<\/div>\n\t\t<\/section>\n\t\t\t\t<section class=\"elementor-section elementor-top-section elementor-element elementor-element-361e6ec elementor-section-boxed elementor-section-height-default elementor-section-height-default\" data-id=\"361e6ec\" data-element_type=\"section\" data-e-type=\"section\">\n\t\t\t\t\t\t<div class=\"elementor-container elementor-column-gap-default\">\n\t\t\t\t\t<div class=\"elementor-column elementor-col-100 elementor-top-column elementor-element elementor-element-d3ee6e1\" data-id=\"d3ee6e1\" data-element_type=\"column\" data-e-type=\"column\">\n\t\t\t<div class=\"elementor-widget-wrap elementor-element-populated\">\n\t\t\t\t\t\t<div class=\"elementor-element elementor-element-8b92cad elementor-widget elementor-widget-spacer\" data-id=\"8b92cad\" data-element_type=\"widget\" data-e-type=\"widget\" data-widget_type=\"spacer.default\">\n\t\t\t\t<div class=\"elementor-widget-container\">\n\t\t\t\t\t\t\t<div class=\"elementor-spacer\">\n\t\t\t<div class=\"elementor-spacer-inner\"><\/div>\n\t\t<\/div>\n\t\t\t\t\t\t<\/div>\n\t\t\t\t<\/div>\n\t\t\t\t\t<\/div>\n\t\t<\/div>\n\t\t\t\t\t<\/div>\n\t\t<\/section>\n\t\t\t\t<section class=\"elementor-section elementor-top-section elementor-element elementor-element-e0c74df elementor-section-boxed elementor-section-height-default elementor-section-height-default\" data-id=\"e0c74df\" data-element_type=\"section\" data-e-type=\"section\">\n\t\t\t\t\t\t<div class=\"elementor-container elementor-column-gap-default\">\n\t\t\t\t\t<div class=\"elementor-column elementor-col-100 elementor-top-column elementor-element elementor-element-6fffad6\" data-id=\"6fffad6\" data-element_type=\"column\" data-e-type=\"column\">\n\t\t\t<div class=\"elementor-widget-wrap elementor-element-populated\">\n\t\t\t\t\t\t<div class=\"elementor-element elementor-element-82bc50d elementor-widget elementor-widget-text-editor\" data-id=\"82bc50d\" data-element_type=\"widget\" data-e-type=\"widget\" data-widget_type=\"text-editor.default\">\n\t\t\t\t<div class=\"elementor-widget-container\">\n\t\t\t\t\t\t\t\t\t<ul><li>Insuficiencia venosa,\u00a0<\/li><li>\u00dalcera diab\u00e9tica,<\/li><li>\u00a0Pie diab\u00e9tico,\u00a0<\/li><li>Llagas de dec\u00fabito (escaras)<\/li><li>\u00a0Varices<\/li><li>\u00a0Furunculosis.<\/li><li>\u00a0Gangrena.<\/li><\/ul>\t\t\t\t\t\t\t\t<\/div>\n\t\t\t\t<\/div>\n\t\t\t\t\t<\/div>\n\t\t<\/div>\n\t\t\t\t\t<\/div>\n\t\t<\/section>\n\t\t\t\t<\/div>\n\t\t","protected":false},"excerpt":{"rendered":"<p>Pie diab\u00e9tico\/\u00falceras Tratamiento que consiste en desinfectar la herida, regenerar los tejidos y evitar as\u00ed las amputaciones. Tenemos cientos de pacientes que han sido salvados de la amputaci\u00f3n por haber acudido a tiempo. Padecimientos en los que se aplica: Insuficiencia venosa,\u00a0 \u00dalcera diab\u00e9tica, \u00a0Pie diab\u00e9tico,\u00a0 Llagas de dec\u00fabito (escaras) \u00a0Varices [&hellip;]<\/p>\n","protected":false},"author":1,"featured_media":0,"parent":0,"menu_order":0,"comment_status":"closed","ping_status":"closed","template":"page-templates\/template-pagebuilder-full-width.php","meta":{"om_disable_all_campaigns":false,"_monsterinsights_skip_tracking":false,"_monsterinsights_sitenote_active":false,"_monsterinsights_sitenote_note":"","_monsterinsights_sitenote_category":0,"footnotes":""},"class_list":["post-1240","page","type-page","status-publish","hentry"],"aioseo_notices":[],"_links":{"self":[{"href":"https:\/\/clinicasdeozono.com\/index.php?rest_route=\/wp\/v2\/pages\/1240","targetHints":{"allow":["GET"]}}],"collection":[{"href":"https:\/\/clinicasdeozono.com\/index.php?rest_route=\/wp\/v2\/pages"}],"about":[{"href":"https:\/\/clinicasdeozono.com\/index.php?rest_route=\/wp\/v2\/types\/page"}],"author":[{"embeddable":true,"href":"https:\/\/clinicasdeozono.com\/index.php?rest_route=\/wp\/v2\/users\/1"}],"replies":[{"embeddable":true,"href":"https:\/\/clinicasdeozono.com\/index.php?rest_route=%2Fwp%2Fv2%2Fcomments&post=1240"}],"version-history":[{"count":11,"href":"https:\/\/clinicasdeozono.com\/index.php?rest_route=\/wp\/v2\/pages\/1240\/revisions"}],"predecessor-version":[{"id":1291,"href":"https:\/\/clinicasdeozono.com\/index.php?rest_route=\/wp\/v2\/pages\/1240\/revisions\/1291"}],"wp:attachment":[{"href":"https:\/\/clinicasdeozono.com\/index.php?rest_route=%2Fwp%2Fv2%2Fmedia&parent=1240"}],"curies":[{"name":"wp","href":"https:\/\/api.w.org\/{rel}","templated":true}]}}