{"id":697,"date":"2024-08-05T19:24:15","date_gmt":"2024-08-06T01:24:15","guid":{"rendered":"https:\/\/clinicasdeozono.com\/?page_id=697"},"modified":"2024-08-05T19:31:03","modified_gmt":"2024-08-06T01:31:03","slug":"prp-medico-y-estetico","status":"publish","type":"page","link":"https:\/\/clinicasdeozono.com\/?page_id=697","title":{"rendered":"PRP M\u00e9dico y est\u00e9tico"},"content":{"rendered":"\t\t<div data-elementor-type=\"wp-page\" data-elementor-id=\"697\" class=\"elementor elementor-697\">\n\t\t\t\t\t\t<section class=\"elementor-section elementor-top-section elementor-element elementor-element-6fc3866 elementor-section-boxed elementor-section-height-default elementor-section-height-default\" data-id=\"6fc3866\" data-element_type=\"section\" data-e-type=\"section\">\n\t\t\t\t\t\t<div class=\"elementor-container elementor-column-gap-default\">\n\t\t\t\t\t<div class=\"elementor-column elementor-col-100 elementor-top-column elementor-element elementor-element-31f7dd4\" data-id=\"31f7dd4\" data-element_type=\"column\" data-e-type=\"column\">\n\t\t\t<div class=\"elementor-widget-wrap elementor-element-populated\">\n\t\t\t\t\t\t<div class=\"elementor-element elementor-element-87c9497 elementor-widget elementor-widget-heading\" data-id=\"87c9497\" data-element_type=\"widget\" data-e-type=\"widget\" data-widget_type=\"heading.default\">\n\t\t\t\t<div class=\"elementor-widget-container\">\n\t\t\t\t\t<h2 class=\"elementor-heading-title elementor-size-default\">Plasma rico en plaquetas, m\u00e9dico y est\u00e9tico<\/h2>\t\t\t\t<\/div>\n\t\t\t\t<\/div>\n\t\t\t\t\t<\/div>\n\t\t<\/div>\n\t\t\t\t\t<\/div>\n\t\t<\/section>\n\t\t\t\t<section class=\"elementor-section elementor-top-section elementor-element elementor-element-0d013b0 elementor-section-boxed elementor-section-height-default elementor-section-height-default\" data-id=\"0d013b0\" data-element_type=\"section\" data-e-type=\"section\">\n\t\t\t\t\t\t<div class=\"elementor-container elementor-column-gap-default\">\n\t\t\t\t\t<div class=\"elementor-column elementor-col-50 elementor-top-column elementor-element elementor-element-dd4deaa\" data-id=\"dd4deaa\" data-element_type=\"column\" data-e-type=\"column\">\n\t\t\t<div class=\"elementor-widget-wrap elementor-element-populated\">\n\t\t\t\t\t\t<div class=\"elementor-element elementor-element-679cca5 elementor-widget elementor-widget-image\" data-id=\"679cca5\" data-element_type=\"widget\" data-e-type=\"widget\" data-widget_type=\"image.default\">\n\t\t\t\t<div class=\"elementor-widget-container\">\n\t\t\t\t\t\t\t\t\t\t\t\t\t\t\t<img fetchpriority=\"high\" decoding=\"async\" width=\"750\" height=\"500\" src=\"https:\/\/clinicasdeozono.com\/wp-content\/uploads\/2024\/06\/Ozonoterapia.jpg\" class=\"attachment-large size-large wp-image-710\" alt=\"\" srcset=\"https:\/\/clinicasdeozono.com\/wp-content\/uploads\/2024\/06\/Ozonoterapia.jpg 1000w, https:\/\/clinicasdeozono.com\/wp-content\/uploads\/2024\/06\/Ozonoterapia-600x400.jpg 600w, https:\/\/clinicasdeozono.com\/wp-content\/uploads\/2024\/06\/Ozonoterapia-300x200.jpg 300w, https:\/\/clinicasdeozono.com\/wp-content\/uploads\/2024\/06\/Ozonoterapia-768x512.jpg 768w\" sizes=\"(max-width: 750px) 100vw, 750px\" \/>\t\t\t\t\t\t\t\t\t\t\t\t\t\t\t<\/div>\n\t\t\t\t<\/div>\n\t\t\t\t<div class=\"elementor-element elementor-element-d0dc4cb elementor-widget elementor-widget-spacer\" data-id=\"d0dc4cb\" data-element_type=\"widget\" data-e-type=\"widget\" data-widget_type=\"spacer.default\">\n\t\t\t\t<div class=\"elementor-widget-container\">\n\t\t\t\t\t\t\t<div class=\"elementor-spacer\">\n\t\t\t<div class=\"elementor-spacer-inner\"><\/div>\n\t\t<\/div>\n\t\t\t\t\t\t<\/div>\n\t\t\t\t<\/div>\n\t\t\t\t<div class=\"elementor-element elementor-element-5c2fff5 elementor-align-center elementor-widget elementor-widget-button\" data-id=\"5c2fff5\" data-element_type=\"widget\" data-e-type=\"widget\" data-widget_type=\"button.default\">\n\t\t\t\t<div class=\"elementor-widget-container\">\n\t\t\t\t\t\t\t\t\t<div class=\"elementor-button-wrapper\">\n\t\t\t\t\t<a class=\"elementor-button elementor-button-link elementor-size-sm\" href=\"https:\/\/wa.me\/525525634362?text=deseo%20informaci\u00f3n%20sobre%20el%20curso%20PRP%20m\u00e9dico%20y%20est\u00e9tico\">\n\t\t\t\t\t\t<span class=\"elementor-button-content-wrapper\">\n\t\t\t\t\t\t\t\t\t<span class=\"elementor-button-text\">M\u00e1s informaci\u00f3n<\/span>\n\t\t\t\t\t<\/span>\n\t\t\t\t\t<\/a>\n\t\t\t\t<\/div>\n\t\t\t\t\t\t\t\t<\/div>\n\t\t\t\t<\/div>\n\t\t\t\t\t<\/div>\n\t\t<\/div>\n\t\t\t\t<div class=\"elementor-column elementor-col-50 elementor-top-column elementor-element elementor-element-2848fee\" data-id=\"2848fee\" data-element_type=\"column\" data-e-type=\"column\">\n\t\t\t<div class=\"elementor-widget-wrap elementor-element-populated\">\n\t\t\t\t\t\t<div class=\"elementor-element elementor-element-8461fc1 elementor-widget elementor-widget-text-editor\" data-id=\"8461fc1\" data-element_type=\"widget\" data-e-type=\"widget\" data-widget_type=\"text-editor.default\">\n\t\t\t\t<div class=\"elementor-widget-container\">\n\t\t\t\t\t\t\t\t\t<p>El plasma rico en plaquetas adem\u00e1s de sus usos m\u00e9dicos, tiene aplicaci\u00f3n est\u00e9tica con excelentes resultados, el curso ense\u00f1ar\u00e1 a los m\u00e9dicos como usarlo en ambos casos con las t\u00e9cnicas m\u00e1s avanzadas hoy en d\u00eda, el curso ser\u00e1 tanto te\u00f3rico como pr\u00e1ctico.<\/p><ul><li>Un curso completo y aplicable desde el siguiente d\u00eda.<\/li><li>Avalado por la SEP<\/li><li>CUPO LIMITADO,<\/li><li>EXCLUSIVO M\u00c9DICOS (DEBE PRESENTAR SU C\u00c9DULA PROFESIONAL)<br \/>.<\/li><\/ul>\t\t\t\t\t\t\t\t<\/div>\n\t\t\t\t<\/div>\n\t\t\t\t\t<\/div>\n\t\t<\/div>\n\t\t\t\t\t<\/div>\n\t\t<\/section>\n\t\t\t\t<\/div>\n\t\t","protected":false},"excerpt":{"rendered":"<p>Plasma rico en plaquetas, m\u00e9dico y est\u00e9tico M\u00e1s informaci\u00f3n El plasma rico en plaquetas adem\u00e1s de sus usos m\u00e9dicos, tiene aplicaci\u00f3n est\u00e9tica con excelentes resultados, el curso ense\u00f1ar\u00e1 a los m\u00e9dicos como usarlo en ambos casos con las t\u00e9cnicas m\u00e1s avanzadas hoy en d\u00eda, el curso ser\u00e1 tanto te\u00f3rico como [&hellip;]<\/p>\n","protected":false},"author":1,"featured_media":0,"parent":0,"menu_order":0,"comment_status":"closed","ping_status":"closed","template":"","meta":{"om_disable_all_campaigns":false,"_monsterinsights_skip_tracking":false,"_monsterinsights_sitenote_active":false,"_monsterinsights_sitenote_note":"","_monsterinsights_sitenote_category":0,"footnotes":""},"class_list":["post-697","page","type-page","status-publish","hentry"],"aioseo_notices":[],"_links":{"self":[{"href":"https:\/\/clinicasdeozono.com\/index.php?rest_route=\/wp\/v2\/pages\/697","targetHints":{"allow":["GET"]}}],"collection":[{"href":"https:\/\/clinicasdeozono.com\/index.php?rest_route=\/wp\/v2\/pages"}],"about":[{"href":"https:\/\/clinicasdeozono.com\/index.php?rest_route=\/wp\/v2\/types\/page"}],"author":[{"embeddable":true,"href":"https:\/\/clinicasdeozono.com\/index.php?rest_route=\/wp\/v2\/users\/1"}],"replies":[{"embeddable":true,"href":"https:\/\/clinicasdeozono.com\/index.php?rest_route=%2Fwp%2Fv2%2Fcomments&post=697"}],"version-history":[{"count":11,"href":"https:\/\/clinicasdeozono.com\/index.php?rest_route=\/wp\/v2\/pages\/697\/revisions"}],"predecessor-version":[{"id":911,"href":"https:\/\/clinicasdeozono.com\/index.php?rest_route=\/wp\/v2\/pages\/697\/revisions\/911"}],"wp:attachment":[{"href":"https:\/\/clinicasdeozono.com\/index.php?rest_route=%2Fwp%2Fv2%2Fmedia&parent=697"}],"curies":[{"name":"wp","href":"https:\/\/api.w.org\/{rel}","templated":true}]}}