{"id":740,"date":"2024-06-14T01:03:40","date_gmt":"2024-06-14T01:03:40","guid":{"rendered":"https:\/\/clinicasdeozono.com\/?page_id=740"},"modified":"2024-08-05T19:41:59","modified_gmt":"2024-08-06T01:41:59","slug":"cursos","status":"publish","type":"page","link":"https:\/\/clinicasdeozono.com\/?page_id=740","title":{"rendered":"Curso Ex\u00e9resis de papilomas y lesiones benignas"},"content":{"rendered":"\t\t<div data-elementor-type=\"wp-page\" data-elementor-id=\"740\" class=\"elementor elementor-740\">\n\t\t\t\t\t\t<section class=\"elementor-section elementor-top-section elementor-element elementor-element-1849187 elementor-section-boxed elementor-section-height-default elementor-section-height-default\" data-id=\"1849187\" data-element_type=\"section\" data-e-type=\"section\">\n\t\t\t\t\t\t<div class=\"elementor-container elementor-column-gap-default\">\n\t\t\t\t\t<div class=\"elementor-column elementor-col-100 elementor-top-column elementor-element elementor-element-22e7988\" data-id=\"22e7988\" data-element_type=\"column\" data-e-type=\"column\">\n\t\t\t<div class=\"elementor-widget-wrap elementor-element-populated\">\n\t\t\t\t\t\t<div class=\"elementor-element elementor-element-682b716 elementor-widget elementor-widget-heading\" data-id=\"682b716\" data-element_type=\"widget\" data-e-type=\"widget\" data-widget_type=\"heading.default\">\n\t\t\t\t<div class=\"elementor-widget-container\">\n\t\t\t\t\t<h2 class=\"elementor-heading-title elementor-size-default\">Curso ex\u00e9resis de papilomas<\/h2>\t\t\t\t<\/div>\n\t\t\t\t<\/div>\n\t\t\t\t\t<\/div>\n\t\t<\/div>\n\t\t\t\t\t<\/div>\n\t\t<\/section>\n\t\t\t\t<section class=\"elementor-section elementor-top-section elementor-element elementor-element-096e6d3 elementor-section-boxed elementor-section-height-default elementor-section-height-default\" data-id=\"096e6d3\" data-element_type=\"section\" data-e-type=\"section\">\n\t\t\t\t\t\t<div class=\"elementor-container elementor-column-gap-default\">\n\t\t\t\t\t<div class=\"elementor-column elementor-col-50 elementor-top-column elementor-element elementor-element-495a0c5\" data-id=\"495a0c5\" data-element_type=\"column\" data-e-type=\"column\">\n\t\t\t<div class=\"elementor-widget-wrap elementor-element-populated\">\n\t\t\t\t\t\t<div class=\"elementor-element elementor-element-d321767 elementor-widget elementor-widget-image\" data-id=\"d321767\" data-element_type=\"widget\" data-e-type=\"widget\" data-widget_type=\"image.default\">\n\t\t\t\t<div class=\"elementor-widget-container\">\n\t\t\t\t\t\t\t\t\t\t\t\t\t\t\t<img fetchpriority=\"high\" decoding=\"async\" width=\"640\" height=\"480\" src=\"https:\/\/clinicasdeozono.com\/wp-content\/uploads\/2024\/06\/54255476_2170877536311716_479464512265650176_n.jpg\" class=\"attachment-large size-large wp-image-718\" alt=\"Curso exclusivo para m\u00e9dicos. \u00bfQu\u00e9 obtendr\u00e1s con el curso? Un electrocauterio port\u00e1til, para uso dermatol\u00f3gico y con garant\u00eda de un a\u00f1o El ensayo de la t\u00e9cnica de ex\u00e9resis de tejidos La pr\u00e1ctica en pacientes de la ex\u00e9resis de verrugas La entrega del material te\u00f3rico en electr\u00f3nico Una gu\u00eda paso a paso de c\u00f3mo usar el ELECTROCAUTERIO El consentimiento informado listo para imprimirse que deber\u00e1s dar a tus pacientes Un descuento de $500 para el siguiente curso Constancia de asistencia.\" srcset=\"https:\/\/clinicasdeozono.com\/wp-content\/uploads\/2024\/06\/54255476_2170877536311716_479464512265650176_n.jpg 640w, https:\/\/clinicasdeozono.com\/wp-content\/uploads\/2024\/06\/54255476_2170877536311716_479464512265650176_n-600x450.jpg 600w, https:\/\/clinicasdeozono.com\/wp-content\/uploads\/2024\/06\/54255476_2170877536311716_479464512265650176_n-300x225.jpg 300w\" sizes=\"(max-width: 640px) 100vw, 640px\" \/>\t\t\t\t\t\t\t\t\t\t\t\t\t\t\t<\/div>\n\t\t\t\t<\/div>\n\t\t\t\t<div class=\"elementor-element elementor-element-dfee15a elementor-widget elementor-widget-text-editor\" data-id=\"dfee15a\" data-element_type=\"widget\" data-e-type=\"widget\" data-widget_type=\"text-editor.default\">\n\t\t\t\t<div class=\"elementor-widget-container\">\n\t\t\t\t\t\t\t\t\t<p>Ademas de las lesiones por papiloma veremos la eliminaci\u00f3n de lesiones benignas como: acrocordones, queratosis ceborreica, puntos rubi\u00e9s y nevos.<\/p>\t\t\t\t\t\t\t\t<\/div>\n\t\t\t\t<\/div>\n\t\t\t\t<div class=\"elementor-element elementor-element-03f7080 elementor-align-center elementor-widget elementor-widget-button\" data-id=\"03f7080\" data-element_type=\"widget\" data-e-type=\"widget\" data-widget_type=\"button.default\">\n\t\t\t\t<div class=\"elementor-widget-container\">\n\t\t\t\t\t\t\t\t\t<div class=\"elementor-button-wrapper\">\n\t\t\t\t\t<a class=\"elementor-button elementor-button-link elementor-size-sm\" href=\"https:\/\/wa.me\/525525634362?text=deseo%20informaci\u00f3n%20sobre%20el%20curso%20ex\u00e9resis%20de%20verrugas\">\n\t\t\t\t\t\t<span class=\"elementor-button-content-wrapper\">\n\t\t\t\t\t\t\t\t\t<span class=\"elementor-button-text\">M\u00e1s informaci\u00f3n<\/span>\n\t\t\t\t\t<\/span>\n\t\t\t\t\t<\/a>\n\t\t\t\t<\/div>\n\t\t\t\t\t\t\t\t<\/div>\n\t\t\t\t<\/div>\n\t\t\t\t\t<\/div>\n\t\t<\/div>\n\t\t\t\t<div class=\"elementor-column elementor-col-50 elementor-top-column elementor-element elementor-element-1588091\" data-id=\"1588091\" data-element_type=\"column\" data-e-type=\"column\">\n\t\t\t<div class=\"elementor-widget-wrap elementor-element-populated\">\n\t\t\t\t\t\t<div class=\"elementor-element elementor-element-eadafc2 elementor-widget elementor-widget-text-editor\" data-id=\"eadafc2\" data-element_type=\"widget\" data-e-type=\"widget\" data-widget_type=\"text-editor.default\">\n\t\t\t\t<div class=\"elementor-widget-container\">\n\t\t\t\t\t\t\t\t\t<h2><strong>Curso exclusivo para m\u00e9dicos.<\/strong><\/h2><ul><li>\u00bfQu\u00e9 obtendr\u00e1s con el curso?<\/li><li>Un electrocauterio port\u00e1til, para uso dermatol\u00f3gico y con garant\u00eda de un a\u00f1o<\/li><li>El ensayo de la t\u00e9cnica de ex\u00e9resis de tejidos (verrugas, acrocordones, puntos rubi\u00e9s, queratosis)<\/li><li>La pr\u00e1ctica en pacientes de la ex\u00e9resis de verrugas<\/li><li>La entrega del material te\u00f3rico en electr\u00f3nico<\/li><li>Una gu\u00eda paso a paso de c\u00f3mo usar el ELECTROCAUTERIO<\/li><li>El consentimiento informado listo para imprimirse que deber\u00e1s dar a tus pacientes<\/li><li>Un descuento de $500 para el siguiente curso<\/li><li>Constancia de asistencia con valor curricular de la SEP por 12hrs.<\/li><\/ul>\t\t\t\t\t\t\t\t<\/div>\n\t\t\t\t<\/div>\n\t\t\t\t\t<\/div>\n\t\t<\/div>\n\t\t\t\t\t<\/div>\n\t\t<\/section>\n\t\t\t\t<\/div>\n\t\t","protected":false},"excerpt":{"rendered":"<p>Curso ex\u00e9resis de papilomas Ademas de las lesiones por papiloma veremos la eliminaci\u00f3n de lesiones benignas como: acrocordones, queratosis ceborreica, puntos rubi\u00e9s y nevos. M\u00e1s informaci\u00f3n Curso exclusivo para m\u00e9dicos. \u00bfQu\u00e9 obtendr\u00e1s con el curso? Un electrocauterio port\u00e1til, para uso dermatol\u00f3gico y con garant\u00eda de un a\u00f1o El ensayo de [&hellip;]<\/p>\n","protected":false},"author":1,"featured_media":0,"parent":0,"menu_order":0,"comment_status":"closed","ping_status":"closed","template":"elementor_header_footer","meta":{"om_disable_all_campaigns":false,"_monsterinsights_skip_tracking":false,"_monsterinsights_sitenote_active":false,"_monsterinsights_sitenote_note":"","_monsterinsights_sitenote_category":0,"footnotes":""},"class_list":["post-740","page","type-page","status-publish","hentry"],"aioseo_notices":[],"_links":{"self":[{"href":"https:\/\/clinicasdeozono.com\/index.php?rest_route=\/wp\/v2\/pages\/740","targetHints":{"allow":["GET"]}}],"collection":[{"href":"https:\/\/clinicasdeozono.com\/index.php?rest_route=\/wp\/v2\/pages"}],"about":[{"href":"https:\/\/clinicasdeozono.com\/index.php?rest_route=\/wp\/v2\/types\/page"}],"author":[{"embeddable":true,"href":"https:\/\/clinicasdeozono.com\/index.php?rest_route=\/wp\/v2\/users\/1"}],"replies":[{"embeddable":true,"href":"https:\/\/clinicasdeozono.com\/index.php?rest_route=%2Fwp%2Fv2%2Fcomments&post=740"}],"version-history":[{"count":25,"href":"https:\/\/clinicasdeozono.com\/index.php?rest_route=\/wp\/v2\/pages\/740\/revisions"}],"predecessor-version":[{"id":923,"href":"https:\/\/clinicasdeozono.com\/index.php?rest_route=\/wp\/v2\/pages\/740\/revisions\/923"}],"wp:attachment":[{"href":"https:\/\/clinicasdeozono.com\/index.php?rest_route=%2Fwp%2Fv2%2Fmedia&parent=740"}],"curies":[{"name":"wp","href":"https:\/\/api.w.org\/{rel}","templated":true}]}}