{"id":841,"date":"2024-08-05T19:42:54","date_gmt":"2024-08-06T01:42:54","guid":{"rendered":"https:\/\/clinicasdeozono.com\/?page_id=841"},"modified":"2024-10-07T15:07:20","modified_gmt":"2024-10-07T21:07:20","slug":"curso-finanzas-sanas-para-medicos-y-personal-de-salud","status":"publish","type":"page","link":"https:\/\/clinicasdeozono.com\/?page_id=841","title":{"rendered":"Curso Finanzas sanas para M\u00c9DICOS y personal de salud"},"content":{"rendered":"\t\t<div data-elementor-type=\"wp-page\" data-elementor-id=\"841\" class=\"elementor elementor-841\">\n\t\t\t\t\t\t<section class=\"elementor-section elementor-top-section elementor-element elementor-element-795f8a7 elementor-section-boxed elementor-section-height-default elementor-section-height-default\" data-id=\"795f8a7\" data-element_type=\"section\" data-e-type=\"section\">\n\t\t\t\t\t\t<div class=\"elementor-container elementor-column-gap-default\">\n\t\t\t\t\t<div class=\"elementor-column elementor-col-100 elementor-top-column elementor-element elementor-element-9d0010e\" data-id=\"9d0010e\" data-element_type=\"column\" data-e-type=\"column\">\n\t\t\t<div class=\"elementor-widget-wrap elementor-element-populated\">\n\t\t\t\t\t\t<div class=\"elementor-element elementor-element-9f0f21b elementor-widget elementor-widget-heading\" data-id=\"9f0f21b\" data-element_type=\"widget\" data-e-type=\"widget\" data-widget_type=\"heading.default\">\n\t\t\t\t<div class=\"elementor-widget-container\">\n\t\t\t\t\t<h2 class=\"elementor-heading-title elementor-size-default\">Finanzas sanas para m\u00e9dicos y personal de salud<\/h2>\t\t\t\t<\/div>\n\t\t\t\t<\/div>\n\t\t\t\t\t<\/div>\n\t\t<\/div>\n\t\t\t\t\t<\/div>\n\t\t<\/section>\n\t\t\t\t<section class=\"elementor-section elementor-top-section elementor-element elementor-element-eb7e5eb elementor-section-boxed elementor-section-height-default elementor-section-height-default\" data-id=\"eb7e5eb\" data-element_type=\"section\" data-e-type=\"section\">\n\t\t\t\t\t\t<div class=\"elementor-container elementor-column-gap-default\">\n\t\t\t\t\t<div class=\"elementor-column elementor-col-100 elementor-top-column elementor-element elementor-element-362fe3c\" data-id=\"362fe3c\" data-element_type=\"column\" data-e-type=\"column\">\n\t\t\t<div class=\"elementor-widget-wrap elementor-element-populated\">\n\t\t\t\t\t\t<div class=\"elementor-element elementor-element-6e03870 elementor-widget elementor-widget-image\" data-id=\"6e03870\" data-element_type=\"widget\" data-e-type=\"widget\" data-widget_type=\"image.default\">\n\t\t\t\t<div class=\"elementor-widget-container\">\n\t\t\t\t\t\t\t\t\t\t\t\t\t\t\t<img fetchpriority=\"high\" decoding=\"async\" width=\"735\" height=\"350\" src=\"https:\/\/clinicasdeozono.com\/wp-content\/uploads\/2023\/04\/44143610_423634724831514_450221235293388800_n.jpg\" class=\"attachment-large size-large wp-image-727\" alt=\"\" srcset=\"https:\/\/clinicasdeozono.com\/wp-content\/uploads\/2023\/04\/44143610_423634724831514_450221235293388800_n.jpg 735w, https:\/\/clinicasdeozono.com\/wp-content\/uploads\/2023\/04\/44143610_423634724831514_450221235293388800_n-600x286.jpg 600w, https:\/\/clinicasdeozono.com\/wp-content\/uploads\/2023\/04\/44143610_423634724831514_450221235293388800_n-300x143.jpg 300w\" sizes=\"(max-width: 735px) 100vw, 735px\" \/>\t\t\t\t\t\t\t\t\t\t\t\t\t\t\t<\/div>\n\t\t\t\t<\/div>\n\t\t\t\t\t<\/div>\n\t\t<\/div>\n\t\t\t\t\t<\/div>\n\t\t<\/section>\n\t\t\t\t<section class=\"elementor-section elementor-top-section elementor-element elementor-element-fb2e921 elementor-section-boxed elementor-section-height-default elementor-section-height-default\" data-id=\"fb2e921\" data-element_type=\"section\" data-e-type=\"section\">\n\t\t\t\t\t\t<div class=\"elementor-container elementor-column-gap-default\">\n\t\t\t\t\t<div class=\"elementor-column elementor-col-100 elementor-top-column elementor-element elementor-element-eea525a\" data-id=\"eea525a\" data-element_type=\"column\" data-e-type=\"column\">\n\t\t\t<div class=\"elementor-widget-wrap\">\n\t\t\t\t\t\t\t<\/div>\n\t\t<\/div>\n\t\t\t\t\t<\/div>\n\t\t<\/section>\n\t\t\t\t<section class=\"elementor-section elementor-top-section elementor-element elementor-element-411e847 elementor-section-boxed elementor-section-height-default elementor-section-height-default\" data-id=\"411e847\" data-element_type=\"section\" data-e-type=\"section\">\n\t\t\t\t\t\t<div class=\"elementor-container elementor-column-gap-default\">\n\t\t\t\t\t<div class=\"elementor-column elementor-col-100 elementor-top-column elementor-element elementor-element-3eb9bc1\" data-id=\"3eb9bc1\" data-element_type=\"column\" data-e-type=\"column\">\n\t\t\t<div class=\"elementor-widget-wrap elementor-element-populated\">\n\t\t\t\t\t\t<div class=\"elementor-element elementor-element-92652b6 elementor-widget elementor-widget-text-editor\" data-id=\"92652b6\" data-element_type=\"widget\" data-e-type=\"widget\" data-widget_type=\"text-editor.default\">\n\t\t\t\t<div class=\"elementor-widget-container\">\n\t\t\t\t\t\t\t\t\t<p>CURSO PARA CUALQUIER PROFESIONAL DE LA SALUD.<\/p><ul><li>\u00bfNo te alcanza el dinero?<\/li><li>\u00bfNo has crecido profesionalmente a pesar que sigues prepar\u00e1ndote constantemente?<\/li><li>\u00bfNo sabes cobrar!!?<\/li><li>\u00bfEres de los que se queda pensando al final de una consulta si cobraste lo justo?<\/li><li><strong>Este curso taller es para ti<\/strong>, no se trata de una capacitaci\u00f3n, se trata de un m\u00e9todo que revoluciona tu forma de pensar y que EVOLUCIONA TUS FINANZAS, si no empiezas a ganar m\u00e1s y tener m\u00e1s dinero desde la primera semana posterior al curso, <b>te devolveremos \u00edntegro tu dinero.<\/b><\/li><\/ul><ol><li>Te ir\u00e1s con el programa m\u00e1s claro y preciso para:\u00a1Sanear tus fianzas!<\/li><li>\u00a1Multiplicar tus ingresos desde ya!<\/li><li>\u00a1Administrar tu consulta de manera eficaz<\/li><li>\u00a1O iniciar tu consulta y consultorio desde ahora<\/li><li>\u00a1Blindarte de deudas y utilizar las tarjetas de cr\u00e9dito a tu favor!<\/li><li>\u00a1Generar, Aumentar y recuperar tu consulta efectivamente!<\/li><li>\u00a1Como anunciarte como profesional de la salud<\/li><li>\u00a1Aprende un m\u00e9todo efectivo que har\u00e1 que nunca sufras por dinero!<\/li><li>\u00a1Con la garant\u00eda de hacerte gastar menos, generar m\u00e1s y deber menos o te devolvemos tu dinero!<br \/>\u2666\u00bfQu\u00e9 tan saludables son tus finanzas?<br \/>\u2666\u2666\u00bfEl dinero se te va de las manos cada quincena?<br \/>\u2666\u2666\u2666\u00bfLAS DEUDAS TE EST\u00c1N ASFIXIANDO?<br \/>\u2666\u2666\u2666\u2666\u00bfQU\u00c9 PASAR\u00cdA SI MA\u00d1ANA PIERDES EL EMPLEO?\u00a0<\/li><\/ol><p>\u2665\u2665\u00bfEST\u00c1S LISTO PARA CAMBIAR TU FUTURO FINANCIERO?\u2665\u2665<\/p><p>HAY MUCHOS CURSOS Y SEMINARIOS, NOSOTROS SOMOS DIFERENTES PORQUE:<br \/>*La metodolog\u00eda es clara, concreta y con resultados financieros inmediatos<br \/>*Nuestro m\u00e9todo es vivencial, lo vives, lo aprendes.<br \/>*ENSE\u00d1AMOS LO QUE FUNCIONA PARA LOS PROFESIONALES DEL \u00c1REA DE LA SALUD, CONCRETAMENTE, ESPECIFICAMENTE Y CON LA METODOLOG\u00cdA DIRIGIDA.<\/p><p>*Nuestra garant\u00eda es total, si no funciona te devolvemos tu inversi\u00f3n.<\/p>\t\t\t\t\t\t\t\t<\/div>\n\t\t\t\t<\/div>\n\t\t\t\t\t<\/div>\n\t\t<\/div>\n\t\t\t\t\t<\/div>\n\t\t<\/section>\n\t\t\t\t<section class=\"elementor-section elementor-top-section elementor-element elementor-element-a130a89 elementor-section-boxed elementor-section-height-default elementor-section-height-default\" data-id=\"a130a89\" data-element_type=\"section\" data-e-type=\"section\">\n\t\t\t\t\t\t<div class=\"elementor-container elementor-column-gap-default\">\n\t\t\t\t\t<div class=\"elementor-column elementor-col-100 elementor-top-column elementor-element elementor-element-dbed202\" data-id=\"dbed202\" data-element_type=\"column\" data-e-type=\"column\">\n\t\t\t<div class=\"elementor-widget-wrap elementor-element-populated\">\n\t\t\t\t\t\t<div class=\"elementor-element elementor-element-41bb41c elementor-button-danger elementor-align-center elementor-widget elementor-widget-button\" data-id=\"41bb41c\" data-element_type=\"widget\" data-e-type=\"widget\" data-widget_type=\"button.default\">\n\t\t\t\t<div class=\"elementor-widget-container\">\n\t\t\t\t\t\t\t\t\t<div class=\"elementor-button-wrapper\">\n\t\t\t\t\t<a class=\"elementor-button elementor-button-link elementor-size-sm\" href=\"https:\/\/wa.me\/525525634362?text=deseo%20informaci\u00f3n%20sobre%20el%20curso%20de%20finanzas%20sanas\">\n\t\t\t\t\t\t<span class=\"elementor-button-content-wrapper\">\n\t\t\t\t\t\t\t\t\t<span class=\"elementor-button-text\">Cambiar mis finanzas ahora<\/span>\n\t\t\t\t\t<\/span>\n\t\t\t\t\t<\/a>\n\t\t\t\t<\/div>\n\t\t\t\t\t\t\t\t<\/div>\n\t\t\t\t<\/div>\n\t\t\t\t\t<\/div>\n\t\t<\/div>\n\t\t\t\t\t<\/div>\n\t\t<\/section>\n\t\t\t\t<section class=\"elementor-section elementor-top-section elementor-element elementor-element-9d3cc32 elementor-section-boxed elementor-section-height-default elementor-section-height-default\" data-id=\"9d3cc32\" data-element_type=\"section\" data-e-type=\"section\">\n\t\t\t\t\t\t<div class=\"elementor-container elementor-column-gap-default\">\n\t\t\t\t\t<div class=\"elementor-column elementor-col-100 elementor-top-column elementor-element elementor-element-46b71e9\" data-id=\"46b71e9\" data-element_type=\"column\" data-e-type=\"column\">\n\t\t\t<div class=\"elementor-widget-wrap elementor-element-populated\">\n\t\t\t\t\t\t<div class=\"elementor-element elementor-element-5a7c8b2 elementor-widget elementor-widget-image\" data-id=\"5a7c8b2\" data-element_type=\"widget\" data-e-type=\"widget\" data-widget_type=\"image.default\">\n\t\t\t\t<div class=\"elementor-widget-container\">\n\t\t\t\t\t\t\t\t\t\t\t\t\t\t\t\t<a href=\"https:\/\/clinicasdeozono.com\/?page_id=1070\">\n\t\t\t\t\t\t\t<img decoding=\"async\" width=\"300\" height=\"169\" src=\"https:\/\/clinicasdeozono.com\/wp-content\/uploads\/2024\/10\/Canva-Design-8-300x169.png\" class=\"attachment-medium size-medium wp-image-1071\" alt=\"\" srcset=\"https:\/\/clinicasdeozono.com\/wp-content\/uploads\/2024\/10\/Canva-Design-8-300x169.png 300w, https:\/\/clinicasdeozono.com\/wp-content\/uploads\/2024\/10\/Canva-Design-8-1024x576.png 1024w, https:\/\/clinicasdeozono.com\/wp-content\/uploads\/2024\/10\/Canva-Design-8-768x432.png 768w, https:\/\/clinicasdeozono.com\/wp-content\/uploads\/2024\/10\/Canva-Design-8-600x337.png 600w, https:\/\/clinicasdeozono.com\/wp-content\/uploads\/2024\/10\/Canva-Design-8.png 1366w\" sizes=\"(max-width: 300px) 100vw, 300px\" \/>\t\t\t\t\t\t\t\t<\/a>\n\t\t\t\t\t\t\t\t\t\t\t\t\t\t\t<\/div>\n\t\t\t\t<\/div>\n\t\t\t\t\t<\/div>\n\t\t<\/div>\n\t\t\t\t\t<\/div>\n\t\t<\/section>\n\t\t\t\t<\/div>\n\t\t","protected":false},"excerpt":{"rendered":"<p>Finanzas sanas para m\u00e9dicos y personal de salud CURSO PARA CUALQUIER PROFESIONAL DE LA SALUD. \u00bfNo te alcanza el dinero? \u00bfNo has crecido profesionalmente a pesar que sigues prepar\u00e1ndote constantemente? \u00bfNo sabes cobrar!!? \u00bfEres de los que se queda pensando al final de una consulta si cobraste lo justo? Este [&hellip;]<\/p>\n","protected":false},"author":1,"featured_media":0,"parent":0,"menu_order":0,"comment_status":"closed","ping_status":"closed","template":"","meta":{"om_disable_all_campaigns":false,"_monsterinsights_skip_tracking":false,"_monsterinsights_sitenote_active":false,"_monsterinsights_sitenote_note":"","_monsterinsights_sitenote_category":0,"footnotes":""},"class_list":["post-841","page","type-page","status-publish","hentry"],"aioseo_notices":[],"_links":{"self":[{"href":"https:\/\/clinicasdeozono.com\/index.php?rest_route=\/wp\/v2\/pages\/841","targetHints":{"allow":["GET"]}}],"collection":[{"href":"https:\/\/clinicasdeozono.com\/index.php?rest_route=\/wp\/v2\/pages"}],"about":[{"href":"https:\/\/clinicasdeozono.com\/index.php?rest_route=\/wp\/v2\/types\/page"}],"author":[{"embeddable":true,"href":"https:\/\/clinicasdeozono.com\/index.php?rest_route=\/wp\/v2\/users\/1"}],"replies":[{"embeddable":true,"href":"https:\/\/clinicasdeozono.com\/index.php?rest_route=%2Fwp%2Fv2%2Fcomments&post=841"}],"version-history":[{"count":26,"href":"https:\/\/clinicasdeozono.com\/index.php?rest_route=\/wp\/v2\/pages\/841\/revisions"}],"predecessor-version":[{"id":1122,"href":"https:\/\/clinicasdeozono.com\/index.php?rest_route=\/wp\/v2\/pages\/841\/revisions\/1122"}],"wp:attachment":[{"href":"https:\/\/clinicasdeozono.com\/index.php?rest_route=%2Fwp%2Fv2%2Fmedia&parent=841"}],"curies":[{"name":"wp","href":"https:\/\/api.w.org\/{rel}","templated":true}]}}